{"id":19368,"date":"2025-07-21T18:25:12","date_gmt":"2025-07-21T16:25:12","guid":{"rendered":"https:\/\/golfclub-soufflenheim.com\/testkalender\/"},"modified":"2025-07-21T18:25:14","modified_gmt":"2025-07-21T16:25:14","slug":"testkalender","status":"publish","type":"page","link":"https:\/\/golfclub-soufflenheim.com\/de\/testkalender\/","title":{"rendered":"Testkalender"},"content":{"rendered":"\t\t<div data-elementor-type=\"wp-page\" data-elementor-id=\"19368\" class=\"elementor elementor-19368 elementor-17039\" data-elementor-settings=\"{&quot;element_pack_global_tooltip_width&quot;:{&quot;unit&quot;:&quot;px&quot;,&quot;size&quot;:&quot;&quot;,&quot;sizes&quot;:[]},&quot;element_pack_global_tooltip_width_tablet&quot;:{&quot;unit&quot;:&quot;px&quot;,&quot;size&quot;:&quot;&quot;,&quot;sizes&quot;:[]},&quot;element_pack_global_tooltip_width_mobile&quot;:{&quot;unit&quot;:&quot;px&quot;,&quot;size&quot;:&quot;&quot;,&quot;sizes&quot;:[]},&quot;element_pack_global_tooltip_padding&quot;:{&quot;unit&quot;:&quot;px&quot;,&quot;top&quot;:&quot;&quot;,&quot;right&quot;:&quot;&quot;,&quot;bottom&quot;:&quot;&quot;,&quot;left&quot;:&quot;&quot;,&quot;isLinked&quot;:true},&quot;element_pack_global_tooltip_padding_tablet&quot;:{&quot;unit&quot;:&quot;px&quot;,&quot;top&quot;:&quot;&quot;,&quot;right&quot;:&quot;&quot;,&quot;bottom&quot;:&quot;&quot;,&quot;left&quot;:&quot;&quot;,&quot;isLinked&quot;:true},&quot;element_pack_global_tooltip_padding_mobile&quot;:{&quot;unit&quot;:&quot;px&quot;,&quot;top&quot;:&quot;&quot;,&quot;right&quot;:&quot;&quot;,&quot;bottom&quot;:&quot;&quot;,&quot;left&quot;:&quot;&quot;,&quot;isLinked&quot;:true},&quot;element_pack_global_tooltip_border_radius&quot;:{&quot;unit&quot;:&quot;px&quot;,&quot;top&quot;:&quot;&quot;,&quot;right&quot;:&quot;&quot;,&quot;bottom&quot;:&quot;&quot;,&quot;left&quot;:&quot;&quot;,&quot;isLinked&quot;:true},&quot;element_pack_global_tooltip_border_radius_tablet&quot;:{&quot;unit&quot;:&quot;px&quot;,&quot;top&quot;:&quot;&quot;,&quot;right&quot;:&quot;&quot;,&quot;bottom&quot;:&quot;&quot;,&quot;left&quot;:&quot;&quot;,&quot;isLinked&quot;:true},&quot;element_pack_global_tooltip_border_radius_mobile&quot;:{&quot;unit&quot;:&quot;px&quot;,&quot;top&quot;:&quot;&quot;,&quot;right&quot;:&quot;&quot;,&quot;bottom&quot;:&quot;&quot;,&quot;left&quot;:&quot;&quot;,&quot;isLinked&quot;:true}}\" data-elementor-post-type=\"page\">\n\t\t\t\t\t\t<section class=\"elementor-section elementor-top-section elementor-element elementor-element-7c6546 elementor-section-height-min-height elementor-section-items-stretch elementor-section-boxed elementor-section-height-default\" data-id=\"7c6546\" data-element_type=\"section\" data-e-type=\"section\" data-settings=\"{&quot;background_background&quot;:&quot;classic&quot;}\">\n\t\t\t\t\t\t\t<div class=\"elementor-background-overlay\"><\/div>\n\t\t\t\t\t\t\t<div class=\"elementor-container elementor-column-gap-default\">\n\t\t\t\t\t<div class=\"elementor-column elementor-col-100 elementor-top-column elementor-element elementor-element-2055d1f2\" data-id=\"2055d1f2\" data-element_type=\"column\" data-e-type=\"column\" data-settings=\"{&quot;background_background&quot;:&quot;classic&quot;}\">\n\t\t\t<div class=\"elementor-widget-wrap elementor-element-populated\">\n\t\t\t\t\t<div class=\"elementor-background-overlay\"><\/div>\n\t\t\t\t\t\t<div class=\"elementor-element elementor-element-41014e91 elementor-widget elementor-widget-heading\" data-id=\"41014e91\" data-element_type=\"widget\" data-e-type=\"widget\" data-widget_type=\"heading.default\">\n\t\t\t\t<div class=\"elementor-widget-container\">\n\t\t\t\t\t<h1 class=\"elementor-heading-title elementor-size-default\">Testkalender<\/h1>\t\t\t\t<\/div>\n\t\t\t\t<\/div>\n\t\t\t\t\t<\/div>\n\t\t<\/div>\n\t\t\t\t\t<\/div>\n\t\t<\/section>\n\t\t<div class=\"elementor-element elementor-element-c929452 e-flex e-con-boxed e-con e-parent\" data-id=\"c929452\" data-element_type=\"container\" data-e-type=\"container\">\n\t\t\t\t\t<div class=\"e-con-inner\">\n\t\t\t\t<div class=\"elementor-element elementor-element-f40ca23 elementor-widget elementor-widget-shortcode\" data-id=\"f40ca23\" data-element_type=\"widget\" data-e-type=\"widget\" data-widget_type=\"shortcode.default\">\n\t\t\t\t<div class=\"elementor-widget-container\">\n\t\t\t\t\t\t\t<div class=\"elementor-shortcode\"><div class=\"calendrier-cpt-container\" data-post-type=\"competitions\" data-taxonomy=\"type-event\" data-year=\"2026\">\r\n<div class=\"calendrier-cpt-wrapper\">\r\n    <!-- Filtres par cat\u00e9gories avec bouton d\u00e9roulant et options globales -->\r\n\r\n        <div class=\"calendrier-cpt-filters-container\">\r\n        <button type=\"button\" class=\"calendrier-filter-toggle\">\r\n            <i class=\"fas fa-filter\"><\/i> \r\n            <span class=\"toggle-text\">Filter anzeigen<\/span>\r\n            <i class=\"fas fa-chevron-down\"><\/i>\r\n        <\/button>\r\n        \r\n        <div class=\"calendrier-filters-content\">\r\n            <!-- Boutons de s\u00e9lection globale -->\r\n            <div class=\"calendrier-filters-actions\">\r\n                <button type=\"button\" class=\"calendrier-select-all-btn\">\r\n                    <i class=\"fas fa-check-square\"><\/i> Alle ausw\u00e4hlen                <\/button>\r\n                <button type=\"button\" class=\"calendrier-deselect-all-btn\">\r\n                    <i class=\"fas fa-square\"><\/i> Alle abw\u00e4hlen                <\/button>\r\n            <\/div>\r\n            \r\n            <!-- Filtres par terme (seulement ceux avec \u00e9v\u00e9nements \u00e0 venir) -->\r\n            <div class=\"calendrier-filters-terms\">\r\n                                    <label class=\"calendrier-cpt-filter\">\r\n                        <input type=\"checkbox\" class=\"term-filter\" value=\"1346\" checked>\r\n                        <span class=\"term-color\" style=\"background-color: #9b59b6\"><\/span>\r\n                        After Work Turnier                    <\/label>\r\n                                    <label class=\"calendrier-cpt-filter\">\r\n                        <input type=\"checkbox\" class=\"term-filter\" value=\"1350\" checked>\r\n                        <span class=\"term-color\" style=\"background-color: #16a085\"><\/span>\r\n                        Anf\u00e4nger-Turnier                    <\/label>\r\n                                    <label class=\"calendrier-cpt-filter\">\r\n                        <input type=\"checkbox\" class=\"term-filter\" value=\"1353\" checked>\r\n                        <span class=\"term-color\" style=\"background-color: #9b59b6\"><\/span>\r\n                        Anf\u00e4nger-Turnier - Runde 2                    <\/label>\r\n                                    <label class=\"calendrier-cpt-filter\">\r\n                        <input type=\"checkbox\" class=\"term-filter\" value=\"1348\" checked>\r\n                        <span class=\"term-color\" style=\"background-color: #2ecc71\"><\/span>\r\n                        Ausgangsperren-Turnier                    <\/label>\r\n                                    <label class=\"calendrier-cpt-filter\">\r\n                        <input type=\"checkbox\" class=\"term-filter\" value=\"1265\" checked>\r\n                        <span class=\"term-color\" style=\"background-color: #f39c12\"><\/span>\r\n                        Clubmeisterschaft                    <\/label>\r\n                                    <label class=\"calendrier-cpt-filter\">\r\n                        <input type=\"checkbox\" class=\"term-filter\" value=\"1294\" checked>\r\n                        <span class=\"term-color\" style=\"background-color: #3788d8\"><\/span>\r\n                        Damen                    <\/label>\r\n                                    <label class=\"calendrier-cpt-filter\">\r\n                        <input type=\"checkbox\" class=\"term-filter\" value=\"1354\" checked>\r\n                        <span class=\"term-color\" style=\"background-color: #f1c40f\"><\/span>\r\n                        Early Morning Turnier                    <\/label>\r\n                                    <label class=\"calendrier-cpt-filter\">\r\n                        <input type=\"checkbox\" class=\"term-filter\" value=\"1383\" checked>\r\n                        <span class=\"term-color\" style=\"background-color: #d35400\"><\/span>\r\n                        Golfschul-Turnier                    <\/label>\r\n                                    <label class=\"calendrier-cpt-filter\">\r\n                        <input type=\"checkbox\" class=\"term-filter\" value=\"1369\" checked>\r\n                        <span class=\"term-color\" style=\"background-color: #e74c3c\"><\/span>\r\n                        Klassifizierungs-Turnier                    <\/label>\r\n                                    <label class=\"calendrier-cpt-filter\">\r\n                        <input type=\"checkbox\" class=\"term-filter\" value=\"1259\" checked>\r\n                        <span class=\"term-color\" style=\"background-color: #3788d8\"><\/span>\r\n                        Meisterschaft                    <\/label>\r\n                                    <label class=\"calendrier-cpt-filter\">\r\n                        <input type=\"checkbox\" class=\"term-filter\" value=\"1339\" checked>\r\n                        <span class=\"term-color\" style=\"background-color: #3788d8\"><\/span>\r\n                        Turnier                    <\/label>\r\n                            <\/div>\r\n        <\/div>\r\n    <\/div>\r\n    \r\n    <!-- Vue \u00e9v\u00e9nements en liste (seule vue disponible) -->\r\n    <div class=\"calendrier-events-list-container\">\r\n        <div class=\"calendrier-events-header\">\r\n            <h2>Veranstaltungen<\/h2>\r\n            <div class=\"calendrier-year-selector\">\r\n                <button type=\"button\" class=\"calendrier-year-prev\"><i class=\"fas fa-chevron-left\"><\/i><\/button>\r\n                <span class=\"calendrier-year-current\">2026<\/span>\r\n                <button type=\"button\" class=\"calendrier-year-next\"><i class=\"fas fa-chevron-right\"><\/i><\/button>\r\n            <\/div>\r\n        <\/div>\r\n        <div class=\"calendrier-events-content\">\r\n            <div class=\"calendrier-loading\">Veranstaltungen werden geladen...<\/div>\r\n        <\/div>\r\n    <\/div>\r\n<\/div><\/div><\/div>\n\t\t\t\t\t\t<\/div>\n\t\t\t\t<\/div>\n\t\t\t\t\t<\/div>\n\t\t\t\t<\/div>\n\t\t\t\t<\/div>\n\t\t","protected":false},"excerpt":{"rendered":"","protected":false},"author":1,"featured_media":0,"parent":0,"menu_order":0,"comment_status":"closed","ping_status":"closed","template":"","meta":{"_acf_changed":false,"footnotes":""},"class_list":["post-19368","page","type-page","status-publish","hentry"],"acf":[],"_links":{"self":[{"href":"https:\/\/golfclub-soufflenheim.com\/de\/wp-json\/wp\/v2\/pages\/19368","targetHints":{"allow":["GET"]}}],"collection":[{"href":"https:\/\/golfclub-soufflenheim.com\/de\/wp-json\/wp\/v2\/pages"}],"about":[{"href":"https:\/\/golfclub-soufflenheim.com\/de\/wp-json\/wp\/v2\/types\/page"}],"author":[{"embeddable":true,"href":"https:\/\/golfclub-soufflenheim.com\/de\/wp-json\/wp\/v2\/users\/1"}],"replies":[{"embeddable":true,"href":"https:\/\/golfclub-soufflenheim.com\/de\/wp-json\/wp\/v2\/comments?post=19368"}],"version-history":[{"count":0,"href":"https:\/\/golfclub-soufflenheim.com\/de\/wp-json\/wp\/v2\/pages\/19368\/revisions"}],"wp:attachment":[{"href":"https:\/\/golfclub-soufflenheim.com\/de\/wp-json\/wp\/v2\/media?parent=19368"}],"curies":[{"name":"wp","href":"https:\/\/api.w.org\/{rel}","templated":true}]}}