{"id":7794,"date":"2022-12-05T14:41:24","date_gmt":"2022-12-05T13:41:24","guid":{"rendered":"https:\/\/golf.gclicke.me\/pro-offers\/"},"modified":"2023-02-03T14:45:53","modified_gmt":"2023-02-03T13:45:53","slug":"pro-offers","status":"publish","type":"page","link":"https:\/\/golfclub-soufflenheim.com\/de\/pro-offers\/","title":{"rendered":"Pro Angebote"},"content":{"rendered":"\t\t<div data-elementor-type=\"wp-page\" data-elementor-id=\"7794\" class=\"elementor elementor-7794 elementor-5650\" data-elementor-settings=\"{&quot;element_pack_global_tooltip_width&quot;:{&quot;unit&quot;:&quot;px&quot;,&quot;size&quot;:&quot;&quot;,&quot;sizes&quot;:[]},&quot;element_pack_global_tooltip_width_tablet&quot;:{&quot;unit&quot;:&quot;px&quot;,&quot;size&quot;:&quot;&quot;,&quot;sizes&quot;:[]},&quot;element_pack_global_tooltip_width_mobile&quot;:{&quot;unit&quot;:&quot;px&quot;,&quot;size&quot;:&quot;&quot;,&quot;sizes&quot;:[]},&quot;element_pack_global_tooltip_padding&quot;:{&quot;unit&quot;:&quot;px&quot;,&quot;top&quot;:&quot;&quot;,&quot;right&quot;:&quot;&quot;,&quot;bottom&quot;:&quot;&quot;,&quot;left&quot;:&quot;&quot;,&quot;isLinked&quot;:true},&quot;element_pack_global_tooltip_padding_tablet&quot;:{&quot;unit&quot;:&quot;px&quot;,&quot;top&quot;:&quot;&quot;,&quot;right&quot;:&quot;&quot;,&quot;bottom&quot;:&quot;&quot;,&quot;left&quot;:&quot;&quot;,&quot;isLinked&quot;:true},&quot;element_pack_global_tooltip_padding_mobile&quot;:{&quot;unit&quot;:&quot;px&quot;,&quot;top&quot;:&quot;&quot;,&quot;right&quot;:&quot;&quot;,&quot;bottom&quot;:&quot;&quot;,&quot;left&quot;:&quot;&quot;,&quot;isLinked&quot;:true},&quot;element_pack_global_tooltip_border_radius&quot;:{&quot;unit&quot;:&quot;px&quot;,&quot;top&quot;:&quot;&quot;,&quot;right&quot;:&quot;&quot;,&quot;bottom&quot;:&quot;&quot;,&quot;left&quot;:&quot;&quot;,&quot;isLinked&quot;:true},&quot;element_pack_global_tooltip_border_radius_tablet&quot;:{&quot;unit&quot;:&quot;px&quot;,&quot;top&quot;:&quot;&quot;,&quot;right&quot;:&quot;&quot;,&quot;bottom&quot;:&quot;&quot;,&quot;left&quot;:&quot;&quot;,&quot;isLinked&quot;:true},&quot;element_pack_global_tooltip_border_radius_mobile&quot;:{&quot;unit&quot;:&quot;px&quot;,&quot;top&quot;:&quot;&quot;,&quot;right&quot;:&quot;&quot;,&quot;bottom&quot;:&quot;&quot;,&quot;left&quot;:&quot;&quot;,&quot;isLinked&quot;:true}}\" data-elementor-post-type=\"page\">\n\t\t\t\t\t\t<section class=\"elementor-section elementor-top-section elementor-element elementor-element-61d5866d elementor-section-height-min-height elementor-section-items-stretch elementor-section-boxed elementor-section-height-default\" data-id=\"61d5866d\" data-element_type=\"section\" data-e-type=\"section\" data-settings=\"{&quot;background_background&quot;:&quot;classic&quot;}\">\n\t\t\t\t\t\t\t<div class=\"elementor-background-overlay\"><\/div>\n\t\t\t\t\t\t\t<div class=\"elementor-container elementor-column-gap-default\">\n\t\t\t\t\t<div class=\"elementor-column elementor-col-100 elementor-top-column elementor-element elementor-element-408742e5\" data-id=\"408742e5\" data-element_type=\"column\" data-e-type=\"column\" data-settings=\"{&quot;background_background&quot;:&quot;classic&quot;}\">\n\t\t\t<div class=\"elementor-widget-wrap elementor-element-populated\">\n\t\t\t\t\t<div class=\"elementor-background-overlay\"><\/div>\n\t\t\t\t\t\t<div class=\"elementor-element elementor-element-4982318d elementor-invisible elementor-widget elementor-widget-heading\" data-id=\"4982318d\" data-element_type=\"widget\" data-e-type=\"widget\" data-settings=\"{&quot;_animation&quot;:&quot;fadeInDown&quot;}\" data-widget_type=\"heading.default\">\n\t\t\t\t<div class=\"elementor-widget-container\">\n\t\t\t\t\t<p class=\"elementor-heading-title elementor-size-default\">GOLF CLUB SOUFFLENHEIM<\/p>\t\t\t\t<\/div>\n\t\t\t\t<\/div>\n\t\t\t\t<div class=\"elementor-element elementor-element-38298343 elementor-widget elementor-widget-heading\" data-id=\"38298343\" data-element_type=\"widget\" data-e-type=\"widget\" data-widget_type=\"heading.default\">\n\t\t\t\t<div class=\"elementor-widget-container\">\n\t\t\t\t\t<h1 class=\"elementor-heading-title elementor-size-default\">Pro Angebote<\/h1>\t\t\t\t<\/div>\n\t\t\t\t<\/div>\n\t\t\t\t\t<\/div>\n\t\t<\/div>\n\t\t\t\t\t<\/div>\n\t\t<\/section>\n\t\t\t\t<section class=\"elementor-section elementor-top-section elementor-element elementor-element-21e6eb4 elementor-section-boxed elementor-section-height-default elementor-section-height-default\" data-id=\"21e6eb4\" data-element_type=\"section\" data-e-type=\"section\">\n\t\t\t\t\t\t<div class=\"elementor-container elementor-column-gap-default\">\n\t\t\t\t\t<div class=\"elementor-column elementor-col-100 elementor-top-column elementor-element elementor-element-e9e2854\" data-id=\"e9e2854\" data-element_type=\"column\" data-e-type=\"column\">\n\t\t\t<div class=\"elementor-widget-wrap elementor-element-populated\">\n\t\t\t\t\t\t<div class=\"elementor-element elementor-element-ac1619d elementor-widget elementor-widget-heading\" data-id=\"ac1619d\" data-element_type=\"widget\" data-e-type=\"widget\" data-widget_type=\"heading.default\">\n\t\t\t\t<div class=\"elementor-widget-container\">\n\t\t\t\t\t<h2 class=\"elementor-heading-title elementor-size-default\">Restaurant \u00ab\u00a0Le Panorama\u00a0\u00bb<\/h2>\t\t\t\t<\/div>\n\t\t\t\t<\/div>\n\t\t\t\t<div class=\"elementor-element elementor-element-54f0690 elementor-widget elementor-widget-text-editor\" data-id=\"54f0690\" data-element_type=\"widget\" data-e-type=\"widget\" data-widget_type=\"text-editor.default\">\n\t\t\t\t<div class=\"elementor-widget-container\">\n\t\t\t\t\t\t\t\t\t<p><strong><em>Ein Gesch\u00e4ftsessen, eine Weihnachtsfeier mit ihren Mitarbeitern in einem besonderen Ort, um Ihre Gesch\u00e4ftspartner zu \u00fcberraschen:<\/em><\/strong><\/p>\n<p><strong><em>Die L\u00f6sung lautet: das Restaurant &#8222;Le Panorama&#8220;<\/em><\/strong><\/p>\n<p><strong><em>In einer herrlichen Location mit Panoramablick auf die Natur entdecken Sie <\/em><\/strong><strong><em>:<\/em><\/strong><\/p>\n<ul>\n<li><strong><em>den Speisesaal des Restaurants mit Raum f\u00fcr bis zu 100 G\u00e4ste<\/em><\/strong><\/li>\n<li><strong><em>den Bar-Bereich mit idealen Voraussetzungen f\u00fcr Anl\u00e4sse f\u00fcr ungef\u00e4hr 40 G\u00e4ste<\/em><\/strong><\/li>\n<li><strong><em>die Obere Terrasse mit Blick auf unsere unterschiedlichen Golfpl\u00e4tze<\/em><\/strong><\/li>\n<li><strong><em>den Cocktail-Bereich im Erdgeschoss f\u00fcr festliche Empf\u00e4nge im Freien f\u00fcr bis zu 250 G\u00e4ste<\/em><\/strong><\/li>\n<\/ul>\n<p><strong><em>\u00a0<\/em><\/strong><\/p>\n<p><strong>Men\u00fc-Beispiel (f\u00fcr Gruppen von 25-40 G\u00e4sten im Restaurant)*:<\/strong><\/p>\n<p><em>Aperitiv: <\/em><\/p>\n<p><em>1 Glas Champagner-Drink &#8222;Soupe champenoise&#8220; &#8211; 6 Amuse-Bouches pro Person<\/em><\/p>\n<p><em>Speisen: <\/em><\/p>\n<p><em>Vorspeise: Salat nach Art des Perigord<\/em><\/p>\n<p><em>Hauptspeise: Kalbsbraten mit Pfifferlingsauce an Kartoffelgratin Dauphinois,<\/em><\/p>\n<p><em>Nachspeise: Eis-Baisertorte Vacherin Glac\u00e9<\/em><\/p>\n<p><em>Getr\u00e4nke: <\/em><\/p>\n<p><em>Rotwein Vacqueyras &#8211; Wei\u00dfer Bordeaux &#8211; stilles oder feinperlendes Mineralwasser (jeder Gast erh\u00e4lt einen Espresso gratis)<\/em><\/p>\n<p><em>Preis pro Person: 59 \u20ac**<\/em><\/p>\n<p><em>*Das Angebot l\u00e4sst sich beliebig nach Ihren W\u00fcnschen und nach Bedarf abwandeln<\/em><\/p>\n<p><em>** der Preis beinhaltet: Aperitiv, Speisen und Getr\u00e4nke wie oben beschrieben<\/em><\/p>\n<p>&nbsp;<\/p>\n\t\t\t\t\t\t\t\t<\/div>\n\t\t\t\t<\/div>\n\t\t\t\t\t<\/div>\n\t\t<\/div>\n\t\t\t\t\t<\/div>\n\t\t<\/section>\n\t\t\t\t<section class=\"elementor-section elementor-top-section elementor-element elementor-element-483f9f2 elementor-section-boxed elementor-section-height-default elementor-section-height-default\" data-id=\"483f9f2\" data-element_type=\"section\" data-e-type=\"section\">\n\t\t\t\t\t\t<div class=\"elementor-container elementor-column-gap-default\">\n\t\t\t\t\t<div class=\"elementor-column elementor-col-100 elementor-top-column elementor-element elementor-element-5440636\" data-id=\"5440636\" data-element_type=\"column\" data-e-type=\"column\">\n\t\t\t<div class=\"elementor-widget-wrap elementor-element-populated\">\n\t\t\t\t\t\t<div class=\"elementor-element elementor-element-4698a1d elementor-widget elementor-widget-heading\" data-id=\"4698a1d\" data-element_type=\"widget\" data-e-type=\"widget\" data-widget_type=\"heading.default\">\n\t\t\t\t<div class=\"elementor-widget-container\">\n\t\t\t\t\t<h2 class=\"elementor-heading-title elementor-size-default\">Ein Sitzungssaal<\/h2>\t\t\t\t<\/div>\n\t\t\t\t<\/div>\n\t\t\t\t<div class=\"elementor-element elementor-element-01f9c33 elementor-widget elementor-widget-text-editor\" data-id=\"01f9c33\" data-element_type=\"widget\" data-e-type=\"widget\" data-widget_type=\"text-editor.default\">\n\t\t\t\t<div class=\"elementor-widget-container\">\n\t\t\t\t\t\t\t\t\t<p><strong>F\u00fcr die Veranstaltung von Seminaren, Fortbildungen oder f\u00fcr Teambuilding-Events <\/strong><\/p>\n<p><strong>Wir bieten einen Seminarraum f\u00fcr bis zu 30 Teilnehmer<\/strong><br \/>\n<strong>(Ausstattung: Flip-chart und Stifte, Videoprojektor, Beschallung, Mikrofone, Verst\u00e4rkeranlage)<\/strong><\/p>\n<p><strong>Typischer Tagesablauf*:<\/strong><\/p>\n<p><strong>Ankunft um 8.30 Uhr<\/strong><\/p>\n<p><strong>Empfang (Kaffee &amp; Croissants) <\/strong><\/p>\n<p><strong>Mittagsmen\u00fc mit Vorspeise &#8211; Hauptspeise &#8211; Dessert (ohne Getr\u00e4nke)<\/strong><br \/>\n<strong>Pausen-Snack am Nachmittag (Wasser, Orangensaft, Kekse)<\/strong><\/p>\n<p><strong>Golf-Schnupperkurs mit der Gruppe am Nachmittag, 2 Stunden<\/strong><br \/>\n<strong>zum Preis von 65 \u20ac pro Person und pro Tag**<\/strong><\/p>\n<p><strong>Ende der Tagesveranstaltung um 18.30 Uhr<\/strong><\/p>\n<p><strong>\u00a0<\/strong><\/p>\n<p><strong>*Das Angebot l\u00e4sst sich beliebig nach Ihren W\u00fcnschen und nach Bedarf abwandeln<\/strong><\/p>\n<p><strong>** der Preis beinhaltet Kaffee und Croissant beim Empfang, Mittagsmen\u00fc (Vorspeise-Hauptspeise-Nachspeise), Pausen-Snack am Nachmittag, den Golf-Schnupperkurs sowie Bereitstellung des Sitzungsraums nebst Ausr\u00fcstung<\/strong><\/p>\n\t\t\t\t\t\t\t\t<\/div>\n\t\t\t\t<\/div>\n\t\t\t\t\t<\/div>\n\t\t<\/div>\n\t\t\t\t\t<\/div>\n\t\t<\/section>\n\t\t\t\t<section class=\"elementor-section elementor-top-section elementor-element elementor-element-5f0dece elementor-section-boxed elementor-section-height-default elementor-section-height-default\" data-id=\"5f0dece\" data-element_type=\"section\" data-e-type=\"section\">\n\t\t\t\t\t\t<div class=\"elementor-container elementor-column-gap-default\">\n\t\t\t\t\t<div class=\"elementor-column elementor-col-100 elementor-top-column elementor-element elementor-element-e809133\" data-id=\"e809133\" data-element_type=\"column\" data-e-type=\"column\">\n\t\t\t<div class=\"elementor-widget-wrap elementor-element-populated\">\n\t\t\t\t\t\t<div class=\"elementor-element elementor-element-76b1238 elementor-widget elementor-widget-heading\" data-id=\"76b1238\" data-element_type=\"widget\" data-e-type=\"widget\" data-widget_type=\"heading.default\">\n\t\t\t\t<div class=\"elementor-widget-container\">\n\t\t\t\t\t<h2 class=\"elementor-heading-title elementor-size-default\">Ein Golfturnier in Soufflenheim<\/h2>\t\t\t\t<\/div>\n\t\t\t\t<\/div>\n\t\t\t\t<div class=\"elementor-element elementor-element-1f484f0 elementor-widget elementor-widget-text-editor\" data-id=\"1f484f0\" data-element_type=\"widget\" data-e-type=\"widget\" data-widget_type=\"text-editor.default\">\n\t\t\t\t<div class=\"elementor-widget-container\">\n\t\t\t\t\t\t\t\t\t<p><strong><em>Sie w\u00fcnschen, Ihre Firma einmal ganz anders zu pr\u00e4sentieren, Sie suchen etwas Originelles, oder wollen Ihre Gesch\u00e4ftspartner \u00fcberraschen? Dann haben wir ein Angebot f\u00fcr Sie:<\/em><\/strong><\/p>\n<p><strong><em>einen typischen Golf-Tag*:<\/em><\/strong><\/p>\n<ul>\n<li><strong><em>Empfang der Teilnehmer von 9.30 bis 10.00 Uhr mit Kaffee und Croissants.<\/em> <em>(Kaffee, Orangensaft &amp; Konditorwaren)<\/em><\/strong><\/li>\n<li><strong><em>00 Uhr: Turnierbeginn<\/em><\/strong><strong><em> (Spielmodalit\u00e4ten nach Ihrer Wahl)<\/em><\/strong><\/li>\n<li><strong><em>Aufstellen von Visuals auf dem Golfplatz, dem Practice, der Terrasse und am Empfang des Golfclubs <\/em><\/strong><\/li>\n<li><strong><em>Snacks auf halber Strecke oder &#8222;Lunch box&#8220;<\/em> <em>(2 Flaschen Wasser, 1 Sandwich, 1 St\u00fcck Obst und 1 Schokoladenriegel)<\/em><\/strong><\/li>\n<li><strong><em>30\/18.00 Uhr Cocktail und Preisverleihung mit folgendem Umfang:<\/em><\/strong><\/li>\n<\/ul>\n<p><em>2 Glas Champagner-Drink &#8222;Soupe Champenoise&#8220; oder Bier (Wasser &amp; Fruchtsaft);\u00a06 Amuse-Bouches pro Person (Snack-Spie\u00dfchen mit Kirschtomaten, K\u00e4sew\u00fcrfel\/Oliven; Obst-Spie\u00dfchen; Laugenstange mit Lachs; Laugenstange mit Parmaschinken; Pastete im Schlafrock &#8222;P\u00e2t\u00e9 en cro\u00fbte&#8220;; Brezel)<\/em><\/p>\n<ul>\n<li><strong><em>Ab 19.00 Uhr: Dinner im Restaurant: Men\u00fc mit Vorspeise <\/em><\/strong><strong><em>\u2013 <\/em><\/strong><strong><em>Hauptspeise <\/em><\/strong><strong><em>\u2013 <\/em><\/strong><strong><em>Nachspeise (Getr\u00e4nke nicht inbegriffen).<\/em><\/strong><\/li>\n<li><strong><em>Preis pro Person: 145 \u20ac**<\/em><\/strong><\/li>\n<li><strong><em>F\u00fcr Gruppen von 30 bis 80 Teilnehmern<\/em><\/strong><\/li>\n<\/ul>\n<p><strong><em>\u00a0<\/em><\/strong><\/p>\n<p><strong><em>*Das Angebot l\u00e4sst sich beliebig nach Ihren W\u00fcnschen und nach Bedarf abwandeln<\/em><\/strong><\/p>\n<p><strong><em>**im Preis inbegriffen sind: Kaffee und Croissant beim Empfang, Greenfee, die Turnierabwicklung, der Snack auf halber Strecke, der Cocktail bei der Preisverleihung und das Dinner (Getr\u00e4nke nicht inbegriffen)<\/em><\/strong><\/p>\n\t\t\t\t\t\t\t\t<\/div>\n\t\t\t\t<\/div>\n\t\t\t\t\t<\/div>\n\t\t<\/div>\n\t\t\t\t\t<\/div>\n\t\t<\/section>\n\t\t\t\t<\/div>\n\t\t","protected":false},"excerpt":{"rendered":"<p>GOLF CLUB SOUFFLENHEIM Restaurant \u00ab\u00a0Le Panorama\u00a0\u00bb Ein Gesch\u00e4ftsessen, eine Weihnachtsfeier mit ihren Mitarbeitern in einem besonderen Ort, um Ihre Gesch\u00e4ftspartner zu \u00fcberraschen: Die L\u00f6sung lautet: das Restaurant &#8222;Le Panorama&#8220; In einer herrlichen Location mit Panoramablick auf die Natur entdecken Sie : den Speisesaal des Restaurants mit Raum f\u00fcr bis zu 100 G\u00e4ste den Bar-Bereich mit [&hellip;]<\/p>\n","protected":false},"author":1,"featured_media":0,"parent":0,"menu_order":40,"comment_status":"closed","ping_status":"closed","template":"","meta":{"_acf_changed":false,"footnotes":""},"class_list":["post-7794","page","type-page","status-publish","hentry"],"acf":[],"_links":{"self":[{"href":"https:\/\/golfclub-soufflenheim.com\/de\/wp-json\/wp\/v2\/pages\/7794","targetHints":{"allow":["GET"]}}],"collection":[{"href":"https:\/\/golfclub-soufflenheim.com\/de\/wp-json\/wp\/v2\/pages"}],"about":[{"href":"https:\/\/golfclub-soufflenheim.com\/de\/wp-json\/wp\/v2\/types\/page"}],"author":[{"embeddable":true,"href":"https:\/\/golfclub-soufflenheim.com\/de\/wp-json\/wp\/v2\/users\/1"}],"replies":[{"embeddable":true,"href":"https:\/\/golfclub-soufflenheim.com\/de\/wp-json\/wp\/v2\/comments?post=7794"}],"version-history":[{"count":0,"href":"https:\/\/golfclub-soufflenheim.com\/de\/wp-json\/wp\/v2\/pages\/7794\/revisions"}],"wp:attachment":[{"href":"https:\/\/golfclub-soufflenheim.com\/de\/wp-json\/wp\/v2\/media?parent=7794"}],"curies":[{"name":"wp","href":"https:\/\/api.w.org\/{rel}","templated":true}]}}