{"id":7852,"date":"2022-12-05T16:18:19","date_gmt":"2022-12-05T15:18:19","guid":{"rendered":"https:\/\/golf.gclicke.me\/informationen-und-kalender\/"},"modified":"2025-07-08T14:17:50","modified_gmt":"2025-07-08T12:17:50","slug":"informationen-und-kalender","status":"publish","type":"page","link":"https:\/\/golfclub-soufflenheim.com\/de\/informationen-und-kalender\/","title":{"rendered":"Information und Zeitplan"},"content":{"rendered":"\t\t<div data-elementor-type=\"wp-page\" data-elementor-id=\"7852\" class=\"elementor elementor-7852 elementor-913\" data-elementor-settings=\"{&quot;element_pack_global_tooltip_width&quot;:{&quot;unit&quot;:&quot;px&quot;,&quot;size&quot;:&quot;&quot;,&quot;sizes&quot;:[]},&quot;element_pack_global_tooltip_width_tablet&quot;:{&quot;unit&quot;:&quot;px&quot;,&quot;size&quot;:&quot;&quot;,&quot;sizes&quot;:[]},&quot;element_pack_global_tooltip_width_mobile&quot;:{&quot;unit&quot;:&quot;px&quot;,&quot;size&quot;:&quot;&quot;,&quot;sizes&quot;:[]},&quot;element_pack_global_tooltip_padding&quot;:{&quot;unit&quot;:&quot;px&quot;,&quot;top&quot;:&quot;&quot;,&quot;right&quot;:&quot;&quot;,&quot;bottom&quot;:&quot;&quot;,&quot;left&quot;:&quot;&quot;,&quot;isLinked&quot;:true},&quot;element_pack_global_tooltip_padding_tablet&quot;:{&quot;unit&quot;:&quot;px&quot;,&quot;top&quot;:&quot;&quot;,&quot;right&quot;:&quot;&quot;,&quot;bottom&quot;:&quot;&quot;,&quot;left&quot;:&quot;&quot;,&quot;isLinked&quot;:true},&quot;element_pack_global_tooltip_padding_mobile&quot;:{&quot;unit&quot;:&quot;px&quot;,&quot;top&quot;:&quot;&quot;,&quot;right&quot;:&quot;&quot;,&quot;bottom&quot;:&quot;&quot;,&quot;left&quot;:&quot;&quot;,&quot;isLinked&quot;:true},&quot;element_pack_global_tooltip_border_radius&quot;:{&quot;unit&quot;:&quot;px&quot;,&quot;top&quot;:&quot;&quot;,&quot;right&quot;:&quot;&quot;,&quot;bottom&quot;:&quot;&quot;,&quot;left&quot;:&quot;&quot;,&quot;isLinked&quot;:true},&quot;element_pack_global_tooltip_border_radius_tablet&quot;:{&quot;unit&quot;:&quot;px&quot;,&quot;top&quot;:&quot;&quot;,&quot;right&quot;:&quot;&quot;,&quot;bottom&quot;:&quot;&quot;,&quot;left&quot;:&quot;&quot;,&quot;isLinked&quot;:true},&quot;element_pack_global_tooltip_border_radius_mobile&quot;:{&quot;unit&quot;:&quot;px&quot;,&quot;top&quot;:&quot;&quot;,&quot;right&quot;:&quot;&quot;,&quot;bottom&quot;:&quot;&quot;,&quot;left&quot;:&quot;&quot;,&quot;isLinked&quot;:true}}\" data-elementor-post-type=\"page\">\n\t\t\t\t\t\t<section class=\"elementor-section elementor-top-section elementor-element elementor-element-1ca9a85e elementor-section-height-min-height elementor-section-items-stretch elementor-section-boxed elementor-section-height-default\" data-id=\"1ca9a85e\" data-element_type=\"section\" data-settings=\"{&quot;background_background&quot;:&quot;classic&quot;}\">\n\t\t\t\t\t\t\t<div class=\"elementor-background-overlay\"><\/div>\n\t\t\t\t\t\t\t<div class=\"elementor-container elementor-column-gap-default\">\n\t\t\t\t\t<div class=\"elementor-column elementor-col-100 elementor-top-column elementor-element elementor-element-751ad3b5\" data-id=\"751ad3b5\" data-element_type=\"column\" data-settings=\"{&quot;background_background&quot;:&quot;classic&quot;}\">\n\t\t\t<div class=\"elementor-widget-wrap elementor-element-populated\">\n\t\t\t\t\t<div class=\"elementor-background-overlay\"><\/div>\n\t\t\t\t\t\t<div class=\"elementor-element elementor-element-3c5b2e3c elementor-invisible elementor-widget elementor-widget-heading\" data-id=\"3c5b2e3c\" data-element_type=\"widget\" data-settings=\"{&quot;_animation&quot;:&quot;fadeInDown&quot;}\" data-widget_type=\"heading.default\">\n\t\t\t\t<div class=\"elementor-widget-container\">\n\t\t\t\t\t<p class=\"elementor-heading-title elementor-size-default\">GOLFCLUB SOUFFLENHEIM<\/p>\t\t\t\t<\/div>\n\t\t\t\t<\/div>\n\t\t\t\t<div class=\"elementor-element elementor-element-4883a16e elementor-widget elementor-widget-heading\" data-id=\"4883a16e\" data-element_type=\"widget\" data-widget_type=\"heading.default\">\n\t\t\t\t<div class=\"elementor-widget-container\">\n\t\t\t\t\t<h1 class=\"elementor-heading-title elementor-size-default\">Information und Zeitplan<\/h1>\t\t\t\t<\/div>\n\t\t\t\t<\/div>\n\t\t\t\t\t<\/div>\n\t\t<\/div>\n\t\t\t\t\t<\/div>\n\t\t<\/section>\n\t\t\t\t<section class=\"elementor-section elementor-top-section elementor-element elementor-element-42b63dc5 elementor-section-boxed elementor-section-height-default elementor-section-height-default\" data-id=\"42b63dc5\" data-element_type=\"section\">\n\t\t\t\t\t\t<div class=\"elementor-container elementor-column-gap-default\">\n\t\t\t\t\t<div class=\"elementor-column elementor-col-100 elementor-top-column elementor-element elementor-element-4a5f6421\" data-id=\"4a5f6421\" data-element_type=\"column\">\n\t\t\t<div class=\"elementor-widget-wrap elementor-element-populated\">\n\t\t\t\t\t\t<div class=\"elementor-element elementor-element-3abccff7 elementor-widget elementor-widget-text-editor\" data-id=\"3abccff7\" data-element_type=\"widget\" data-widget_type=\"text-editor.default\">\n\t\t\t\t<div class=\"elementor-widget-container\">\n\t\t\t\t\t\t\t\t\t<p data-start=\"87\" data-end=\"236\">\ud83c\udfaf Sind Sie wettkampforientiert <strong data-start=\"90\" data-end=\"131\">?<\/strong><br data-start=\"131\" data-end=\"134\">Ob Sie nun gewinnen oder Ihren Index verbessern wollen, unsere Wettk\u00e4mpfe sind f\u00fcr Sie gemacht!<\/p><p data-start=\"238\" data-end=\"411\">\u26f3 Golfer <strong data-start=\"240\" data-end=\"312\">und Golferinnen, Mitglieder oder Nichtmitglieder, Stammg\u00e4ste oder Neugierige<\/strong>, Anf\u00e4nger oder Liebhaber, jeder findet hier sein ideales Format&#8230; wie ein Handschuh, der perfekt passt!<\/p><p data-start=\"413\" data-end=\"589\">\ud83d\udc66\ud83d\udc67 Seit 2021 sind unsere 18- und 9-Loch-Pl\u00e4tze mit &#8222;ORANGE&#8220; und &#8222;VIOLETT&#8220; Abschl\u00e4gen kalibriert, um die von <strong data-start=\"566\" data-end=\"588\">der FFGolf anerkannten<\/strong> Kinder- und Juniorenwettbewerbe auszurichten.<\/p><p data-start=\"591\" data-end=\"826\">\ud83d\udcc8 <strong data-start=\"594\" data-end=\"647\">Verbessern Sie Ihr Spielniveau und Ihren Index<\/strong> mit unseren von der F\u00e9d\u00e9ration Fran\u00e7aise de Golf anerkannten Veranstaltungen.<br data-start=\"715\" data-end=\"718\">Stableford, Stroke-play, Match-play oder originelle Formeln: das <strong data-start=\"785\" data-end=\"824\">ganze Jahr \u00fcber gibt es Abwechslung<\/strong>!<\/p><p data-start=\"828\" data-end=\"940\">\ud83d\udcc5 <strong data-start=\"831\" data-end=\"887\">Entdecken Sie unseren Kalender der Turniere und Veranstaltungen<\/strong> auf dem Golfplatz Soufflenheim und machen Sie mit!<\/p>\t\t\t\t\t\t\t\t<\/div>\n\t\t\t\t<\/div>\n\t\t\t\t\t<\/div>\n\t\t<\/div>\n\t\t\t\t\t<\/div>\n\t\t<\/section>\n\t\t\t\t<section class=\"elementor-section elementor-top-section elementor-element elementor-element-74bdbf10 elementor-section-boxed elementor-section-height-default elementor-section-height-default\" data-id=\"74bdbf10\" data-element_type=\"section\">\n\t\t\t\t\t\t<div class=\"elementor-container elementor-column-gap-default\">\n\t\t\t\t\t<div class=\"elementor-column elementor-col-100 elementor-top-column elementor-element elementor-element-726ccec\" data-id=\"726ccec\" data-element_type=\"column\">\n\t\t\t<div class=\"elementor-widget-wrap elementor-element-populated\">\n\t\t\t\t\t\t<section class=\"elementor-section elementor-inner-section elementor-element elementor-element-5fc7428 elementor-section-boxed elementor-section-height-default elementor-section-height-default\" data-id=\"5fc7428\" data-element_type=\"section\">\n\t\t\t\t\t\t<div class=\"elementor-container elementor-column-gap-default\">\n\t\t\t\t\t<div class=\"elementor-column elementor-col-50 elementor-inner-column elementor-element elementor-element-b4dbcdc\" data-id=\"b4dbcdc\" data-element_type=\"column\">\n\t\t\t<div class=\"elementor-widget-wrap elementor-element-populated\">\n\t\t\t\t\t\t<div class=\"elementor-element elementor-element-ba9e474 elementor-align-center elementor-widget elementor-widget-button\" data-id=\"ba9e474\" data-element_type=\"widget\" data-widget_type=\"button.default\">\n\t\t\t\t<div class=\"elementor-widget-container\">\n\t\t\t\t\t\t\t\t\t<div class=\"elementor-button-wrapper\">\n\t\t\t\t\t<a class=\"elementor-button elementor-button-link elementor-size-md\" href=\"https:\/\/www.ffgolf.org\/\" target=\"_blank\" rel=\"noopener\">\n\t\t\t\t\t\t<span class=\"elementor-button-content-wrapper\">\n\t\t\t\t\t\t\t\t\t<span class=\"elementor-button-text\">Abreise<\/span>\n\t\t\t\t\t<\/span>\n\t\t\t\t\t<\/a>\n\t\t\t\t<\/div>\n\t\t\t\t\t\t\t\t<\/div>\n\t\t\t\t<\/div>\n\t\t\t\t\t<\/div>\n\t\t<\/div>\n\t\t\t\t<div class=\"elementor-column elementor-col-50 elementor-inner-column elementor-element elementor-element-b14d84b\" data-id=\"b14d84b\" data-element_type=\"column\">\n\t\t\t<div class=\"elementor-widget-wrap elementor-element-populated\">\n\t\t\t\t\t\t<div class=\"elementor-element elementor-element-35c55df elementor-align-center elementor-widget elementor-widget-button\" data-id=\"35c55df\" data-element_type=\"widget\" data-widget_type=\"button.default\">\n\t\t\t\t<div class=\"elementor-widget-container\">\n\t\t\t\t\t\t\t\t\t<div class=\"elementor-button-wrapper\">\n\t\t\t\t\t<a class=\"elementor-button elementor-button-link elementor-size-md\" href=\"https:\/\/www.ffgolf.org\/\" target=\"_blank\" rel=\"noopener\">\n\t\t\t\t\t\t<span class=\"elementor-button-content-wrapper\">\n\t\t\t\t\t\t\t\t\t<span class=\"elementor-button-text\">Ergebnisse<\/span>\n\t\t\t\t\t<\/span>\n\t\t\t\t\t<\/a>\n\t\t\t\t<\/div>\n\t\t\t\t\t\t\t\t<\/div>\n\t\t\t\t<\/div>\n\t\t\t\t\t<\/div>\n\t\t<\/div>\n\t\t\t\t\t<\/div>\n\t\t<\/section>\n\t\t\t\t<div class=\"elementor-element elementor-element-c3bc94b elementor-widget elementor-widget-heading\" data-id=\"c3bc94b\" data-element_type=\"widget\" data-widget_type=\"heading.default\">\n\t\t\t\t<div class=\"elementor-widget-container\">\n\t\t\t\t\t<h2 class=\"elementor-heading-title elementor-size-default\">Veranstaltungskalender<\/h2>\t\t\t\t<\/div>\n\t\t\t\t<\/div>\n\t\t\t\t<div class=\"elementor-element elementor-element-c28f6fe elementor-widget elementor-widget-shortcode\" data-id=\"c28f6fe\" data-element_type=\"widget\" data-widget_type=\"shortcode.default\">\n\t\t\t\t<div class=\"elementor-widget-container\">\n\t\t\t\t\t\t\t<div class=\"elementor-shortcode\"><div class=\"calendrier-cpt-container\" data-post-type=\"competitions\" data-taxonomy=\"type-event\" data-year=\"2026\">\r\n<div class=\"calendrier-cpt-wrapper\">\r\n    <!-- Filtres par cat\u00e9gories avec bouton d\u00e9roulant et options globales -->\r\n\r\n        <div class=\"calendrier-cpt-filters-container\">\r\n        <button type=\"button\" class=\"calendrier-filter-toggle\">\r\n            <i class=\"fas fa-filter\"><\/i> \r\n            <span class=\"toggle-text\">Filter anzeigen<\/span>\r\n            <i class=\"fas fa-chevron-down\"><\/i>\r\n        <\/button>\r\n        \r\n        <div class=\"calendrier-filters-content\">\r\n            <!-- Boutons de s\u00e9lection globale -->\r\n            <div class=\"calendrier-filters-actions\">\r\n                <button type=\"button\" class=\"calendrier-select-all-btn\">\r\n                    <i class=\"fas fa-check-square\"><\/i> Alle ausw\u00e4hlen                <\/button>\r\n                <button type=\"button\" class=\"calendrier-deselect-all-btn\">\r\n                    <i class=\"fas fa-square\"><\/i> Alle abw\u00e4hlen                <\/button>\r\n            <\/div>\r\n            \r\n            <!-- Filtres par terme (seulement ceux avec \u00e9v\u00e9nements \u00e0 venir) -->\r\n            <div class=\"calendrier-filters-terms\">\r\n                                    <label class=\"calendrier-cpt-filter\">\r\n                        <input type=\"checkbox\" class=\"term-filter\" value=\"1346\" checked>\r\n                        <span class=\"term-color\" style=\"background-color: #9b59b6\"><\/span>\r\n                        After Work Turnier                    <\/label>\r\n                                    <label class=\"calendrier-cpt-filter\">\r\n                        <input type=\"checkbox\" class=\"term-filter\" value=\"1350\" checked>\r\n                        <span class=\"term-color\" style=\"background-color: #3788d8\"><\/span>\r\n                        Anf\u00e4nger-Turnier                    <\/label>\r\n                                    <label class=\"calendrier-cpt-filter\">\r\n                        <input type=\"checkbox\" class=\"term-filter\" value=\"1353\" checked>\r\n                        <span class=\"term-color\" style=\"background-color: #3788d8\"><\/span>\r\n                        Anf\u00e4nger-Turnier - Runde 2                    <\/label>\r\n                                    <label class=\"calendrier-cpt-filter\">\r\n                        <input type=\"checkbox\" class=\"term-filter\" value=\"1348\" checked>\r\n                        <span class=\"term-color\" style=\"background-color: #2ecc71\"><\/span>\r\n                        Ausgangsperren-Turnier                    <\/label>\r\n                                    <label class=\"calendrier-cpt-filter\">\r\n                        <input type=\"checkbox\" class=\"term-filter\" value=\"1265\" checked>\r\n                        <span class=\"term-color\" style=\"background-color: #f39c12\"><\/span>\r\n                        Clubmeisterschaft                    <\/label>\r\n                                    <label class=\"calendrier-cpt-filter\">\r\n                        <input type=\"checkbox\" class=\"term-filter\" value=\"1294\" checked>\r\n                        <span class=\"term-color\" style=\"background-color: #3788d8\"><\/span>\r\n                        Damen                    <\/label>\r\n                                    <label class=\"calendrier-cpt-filter\">\r\n                        <input type=\"checkbox\" class=\"term-filter\" value=\"1354\" checked>\r\n                        <span class=\"term-color\" style=\"background-color: #f1c40f\"><\/span>\r\n                        Early Morning Turnier                    <\/label>\r\n                                    <label class=\"calendrier-cpt-filter\">\r\n                        <input type=\"checkbox\" class=\"term-filter\" value=\"1383\" checked>\r\n                        <span class=\"term-color\" style=\"background-color: #d35400\"><\/span>\r\n                        Golfschul-Turnier                    <\/label>\r\n                                    <label class=\"calendrier-cpt-filter\">\r\n                        <input type=\"checkbox\" class=\"term-filter\" value=\"1369\" checked>\r\n                        <span class=\"term-color\" style=\"background-color: #e74c3c\"><\/span>\r\n                        Klassifizierungs-Turnier                    <\/label>\r\n                                    <label class=\"calendrier-cpt-filter\">\r\n                        <input type=\"checkbox\" class=\"term-filter\" value=\"1259\" checked>\r\n                        <span class=\"term-color\" style=\"background-color: #3788d8\"><\/span>\r\n                        Meisterschaft                    <\/label>\r\n                                    <label class=\"calendrier-cpt-filter\">\r\n                        <input type=\"checkbox\" class=\"term-filter\" value=\"1339\" checked>\r\n                        <span class=\"term-color\" style=\"background-color: #3788d8\"><\/span>\r\n                        Turnier                    <\/label>\r\n                            <\/div>\r\n        <\/div>\r\n    <\/div>\r\n    \r\n    <!-- Vue \u00e9v\u00e9nements en liste (seule vue disponible) -->\r\n    <div class=\"calendrier-events-list-container\">\r\n        <div class=\"calendrier-events-header\">\r\n            <h2>Veranstaltungen<\/h2>\r\n            <div class=\"calendrier-year-selector\">\r\n                <button type=\"button\" class=\"calendrier-year-prev\"><i class=\"fas fa-chevron-left\"><\/i><\/button>\r\n                <span class=\"calendrier-year-current\">2026<\/span>\r\n                <button type=\"button\" class=\"calendrier-year-next\"><i class=\"fas fa-chevron-right\"><\/i><\/button>\r\n            <\/div>\r\n        <\/div>\r\n        <div class=\"calendrier-events-content\">\r\n            <div class=\"calendrier-loading\">Veranstaltungen werden geladen...<\/div>\r\n        <\/div>\r\n    <\/div>\r\n<\/div><\/div><\/div>\n\t\t\t\t\t\t<\/div>\n\t\t\t\t<\/div>\n\t\t\t\t\t<\/div>\n\t\t<\/div>\n\t\t\t\t\t<\/div>\n\t\t<\/section>\n\t\t\t\t<\/div>\n\t\t","protected":false},"excerpt":{"rendered":"<p>GOLFCLUB SOUFFLENHEIM \ud83c\udfaf Sind Sie wettkampforientiert ?Ob Sie nun gewinnen oder Ihren Index verbessern wollen, unsere Wettk\u00e4mpfe sind f\u00fcr Sie gemacht! \u26f3 Golfer und Golferinnen, Mitglieder oder Nichtmitglieder, Stammg\u00e4ste oder Neugierige, Anf\u00e4nger oder Liebhaber, jeder findet hier sein ideales Format&#8230; wie ein Handschuh, der perfekt passt! \ud83d\udc66\ud83d\udc67 Seit 2021 sind unsere 18- und 9-Loch-Pl\u00e4tze mit [&hellip;]<\/p>\n","protected":false},"author":1,"featured_media":0,"parent":0,"menu_order":17,"comment_status":"closed","ping_status":"closed","template":"","meta":{"_acf_changed":false,"footnotes":""},"class_list":["post-7852","page","type-page","status-publish","hentry"],"acf":[],"_links":{"self":[{"href":"https:\/\/golfclub-soufflenheim.com\/de\/wp-json\/wp\/v2\/pages\/7852","targetHints":{"allow":["GET"]}}],"collection":[{"href":"https:\/\/golfclub-soufflenheim.com\/de\/wp-json\/wp\/v2\/pages"}],"about":[{"href":"https:\/\/golfclub-soufflenheim.com\/de\/wp-json\/wp\/v2\/types\/page"}],"author":[{"embeddable":true,"href":"https:\/\/golfclub-soufflenheim.com\/de\/wp-json\/wp\/v2\/users\/1"}],"replies":[{"embeddable":true,"href":"https:\/\/golfclub-soufflenheim.com\/de\/wp-json\/wp\/v2\/comments?post=7852"}],"version-history":[{"count":0,"href":"https:\/\/golfclub-soufflenheim.com\/de\/wp-json\/wp\/v2\/pages\/7852\/revisions"}],"wp:attachment":[{"href":"https:\/\/golfclub-soufflenheim.com\/de\/wp-json\/wp\/v2\/media?parent=7852"}],"curies":[{"name":"wp","href":"https:\/\/api.w.org\/{rel}","templated":true}]}}