{"id":7868,"date":"2022-12-05T17:01:11","date_gmt":"2022-12-05T16:01:11","guid":{"rendered":"https:\/\/golf.gclicke.me\/all-in-one\/"},"modified":"2025-07-16T12:38:47","modified_gmt":"2025-07-16T10:38:47","slug":"all-in-one","status":"publish","type":"page","link":"https:\/\/golfclub-soufflenheim.com\/de\/all-in-one\/","title":{"rendered":"All in one"},"content":{"rendered":"\t\t<div data-elementor-type=\"wp-page\" data-elementor-id=\"7868\" class=\"elementor elementor-7868 elementor-5674\" data-elementor-settings=\"{&quot;element_pack_global_tooltip_width&quot;:{&quot;unit&quot;:&quot;px&quot;,&quot;size&quot;:&quot;&quot;,&quot;sizes&quot;:[]},&quot;element_pack_global_tooltip_width_tablet&quot;:{&quot;unit&quot;:&quot;px&quot;,&quot;size&quot;:&quot;&quot;,&quot;sizes&quot;:[]},&quot;element_pack_global_tooltip_width_mobile&quot;:{&quot;unit&quot;:&quot;px&quot;,&quot;size&quot;:&quot;&quot;,&quot;sizes&quot;:[]},&quot;element_pack_global_tooltip_padding&quot;:{&quot;unit&quot;:&quot;px&quot;,&quot;top&quot;:&quot;&quot;,&quot;right&quot;:&quot;&quot;,&quot;bottom&quot;:&quot;&quot;,&quot;left&quot;:&quot;&quot;,&quot;isLinked&quot;:true},&quot;element_pack_global_tooltip_padding_tablet&quot;:{&quot;unit&quot;:&quot;px&quot;,&quot;top&quot;:&quot;&quot;,&quot;right&quot;:&quot;&quot;,&quot;bottom&quot;:&quot;&quot;,&quot;left&quot;:&quot;&quot;,&quot;isLinked&quot;:true},&quot;element_pack_global_tooltip_padding_mobile&quot;:{&quot;unit&quot;:&quot;px&quot;,&quot;top&quot;:&quot;&quot;,&quot;right&quot;:&quot;&quot;,&quot;bottom&quot;:&quot;&quot;,&quot;left&quot;:&quot;&quot;,&quot;isLinked&quot;:true},&quot;element_pack_global_tooltip_border_radius&quot;:{&quot;unit&quot;:&quot;px&quot;,&quot;top&quot;:&quot;&quot;,&quot;right&quot;:&quot;&quot;,&quot;bottom&quot;:&quot;&quot;,&quot;left&quot;:&quot;&quot;,&quot;isLinked&quot;:true},&quot;element_pack_global_tooltip_border_radius_tablet&quot;:{&quot;unit&quot;:&quot;px&quot;,&quot;top&quot;:&quot;&quot;,&quot;right&quot;:&quot;&quot;,&quot;bottom&quot;:&quot;&quot;,&quot;left&quot;:&quot;&quot;,&quot;isLinked&quot;:true},&quot;element_pack_global_tooltip_border_radius_mobile&quot;:{&quot;unit&quot;:&quot;px&quot;,&quot;top&quot;:&quot;&quot;,&quot;right&quot;:&quot;&quot;,&quot;bottom&quot;:&quot;&quot;,&quot;left&quot;:&quot;&quot;,&quot;isLinked&quot;:true}}\" data-elementor-post-type=\"page\">\n\t\t\t\t\t\t<section class=\"elementor-section elementor-top-section elementor-element elementor-element-250c5219 elementor-section-height-min-height elementor-section-items-stretch elementor-section-boxed elementor-section-height-default\" data-id=\"250c5219\" data-element_type=\"section\" data-e-type=\"section\" data-settings=\"{&quot;background_background&quot;:&quot;classic&quot;}\">\n\t\t\t\t\t\t\t<div class=\"elementor-background-overlay\"><\/div>\n\t\t\t\t\t\t\t<div class=\"elementor-container elementor-column-gap-default\">\n\t\t\t\t\t<div class=\"elementor-column elementor-col-100 elementor-top-column elementor-element elementor-element-7329c2ea\" data-id=\"7329c2ea\" data-element_type=\"column\" data-e-type=\"column\" data-settings=\"{&quot;background_background&quot;:&quot;classic&quot;}\">\n\t\t\t<div class=\"elementor-widget-wrap elementor-element-populated\">\n\t\t\t\t\t<div class=\"elementor-background-overlay\"><\/div>\n\t\t\t\t\t\t<div class=\"elementor-element elementor-element-4bfe190a elementor-invisible elementor-widget elementor-widget-heading\" data-id=\"4bfe190a\" data-element_type=\"widget\" data-e-type=\"widget\" data-settings=\"{&quot;_animation&quot;:&quot;fadeInDown&quot;}\" data-widget_type=\"heading.default\">\n\t\t\t\t<div class=\"elementor-widget-container\">\n\t\t\t\t\t<p class=\"elementor-heading-title elementor-size-default\">GOLFCLUB SOUFFLENHEIM<\/p>\t\t\t\t<\/div>\n\t\t\t\t<\/div>\n\t\t\t\t<div class=\"elementor-element elementor-element-1be061f7 elementor-widget elementor-widget-heading\" data-id=\"1be061f7\" data-element_type=\"widget\" data-e-type=\"widget\" data-widget_type=\"heading.default\">\n\t\t\t\t<div class=\"elementor-widget-container\">\n\t\t\t\t\t<h1 class=\"elementor-heading-title elementor-size-default\">All in one<\/h1>\t\t\t\t<\/div>\n\t\t\t\t<\/div>\n\t\t\t\t\t<\/div>\n\t\t<\/div>\n\t\t\t\t\t<\/div>\n\t\t<\/section>\n\t\t\t\t<section class=\"elementor-section elementor-top-section elementor-element elementor-element-1e78ad9 elementor-section-boxed elementor-section-height-default elementor-section-height-default\" data-id=\"1e78ad9\" data-element_type=\"section\" data-e-type=\"section\">\n\t\t\t\t\t\t<div class=\"elementor-container elementor-column-gap-default\">\n\t\t\t\t\t<div class=\"elementor-column elementor-col-100 elementor-top-column elementor-element elementor-element-3acf220\" data-id=\"3acf220\" data-element_type=\"column\" data-e-type=\"column\">\n\t\t\t<div class=\"elementor-widget-wrap elementor-element-populated\">\n\t\t\t\t\t\t<div class=\"elementor-element elementor-element-b5cbdf8 elementor-widget elementor-widget-heading\" data-id=\"b5cbdf8\" data-element_type=\"widget\" data-e-type=\"widget\" data-widget_type=\"heading.default\">\n\t\t\t\t<div class=\"elementor-widget-container\">\n\t\t\t\t\t<h2 class=\"elementor-heading-title elementor-size-default\">All-in-one-Karte - Gewinnen Sie Freiheit!<\/h2>\t\t\t\t<\/div>\n\t\t\t\t<\/div>\n\t\t\t\t<div class=\"elementor-element elementor-element-5ef9a3e elementor-widget elementor-widget-text-editor\" data-id=\"5ef9a3e\" data-element_type=\"widget\" data-e-type=\"widget\" data-widget_type=\"text-editor.default\">\n\t\t\t\t<div class=\"elementor-widget-container\">\n\t\t\t\t\t\t\t\t\t<p>Es gibt nichts Besseres als die All-In-One-Karte des Golf de Soufflenheim, um zu trainieren und zu spielen, zu teilen und in aller Freiheit zu genie\u00dfen.<\/p><p>Ich bin Mitglied, Mitglied A.S.G.S.*, Greenfee-Besucher, Anf\u00e4nger, Privatperson, Berufst\u00e4tiger, Stammgast des Restaurants &#8222;LE PANORAMA&#8220;.<\/p><ol><li>Ich bestelle und erhalte die Karte am Empfang des Golfplatzes Soufflenheim.<\/li><li>Ich habe ein Kundenkonto<\/li><li>Ich lade meine Karte mit dem gew\u00fcnschten Betrag in \u20ac auf.<\/li><li>Ich lege sie bei allen meinen Eink\u00e4ufen auf der Driving Range, am Empfang, im Pro Shop, im Restaurant usw. vor.<\/li><li>Ich entscheide \u00fcber meine Vorteile und Rabatte je nach dem Betrag, den ich auf die Karte einzahlen m\u00f6chte.<\/li><li>Ich habe Zugang zum kartengebundenen Treueprogramm<\/li><li>Die Partner des Golfplatzes bieten mir Vorteile;<\/li><li>Ich habe freien Zugang zum Caddy Master (auch au\u00dferhalb der \u00d6ffnungszeiten der Rezeption).<\/li><li>Mitglieder, regelm\u00e4\u00dfige Greenfee-Spieler, Anf\u00e4nger, Stammg\u00e4ste des Restaurants &#8222;LE PANORAMA&#8220; &#8211; Sie alle k\u00f6nnen von der &#8222;All in One&#8220;-Karte profitieren.<\/li><\/ol><p>*Sportverein des Golfplatzes von Soufflenheim (Association Sportive du Golf de Soufflenheim)<\/p>\t\t\t\t\t\t\t\t<\/div>\n\t\t\t\t<\/div>\n\t\t\t\t<div class=\"elementor-element elementor-element-af3ea2d bdt-hide-entries-on-mobile-yes elementor-widget elementor-widget-bdt-table\" data-id=\"af3ea2d\" data-element_type=\"widget\" data-e-type=\"widget\" data-widget_type=\"bdt-table.default\">\n\t\t\t\t<div class=\"elementor-widget-container\">\n\t\t\t\t\t\t\t<div class=\"bdt-table bdt-table-default-responsive\" id=\"bdt-table-af3ea2d\">\n\t\t\t<table>\n    <thead>\n        <tr>\n            <th>ALL IN ONE Mitglieder<\/th>\n            <th>PM (1\u20ac oder mehr)<\/th>\n            <th>300 \u20ac<\/th>\n            <th>500 \u20ac<\/th>\n            <th>1 000 \u20ac<\/th>\n            <th>2 000 \u20ac<\/th>\n        <\/tr>\n    <\/thead>\n    <tbody>\n        <tr>\n            <td>Eimer mit B\u00e4llen (\u00f6ffentlicher Preis: 5 \u20ac)<\/td>\n            <td>4 \u20ac<\/td>\n            <td>3 \u20ac<\/td>\n            <td>2,5 \u20ac<\/td>\n            <td>2 \u20ac<\/td>\n            <td>1,50 \u20ac<\/td>\n        <\/tr>\n        <tr>\n            <td>Kleinwagen (\u00f6ffentlicher Preis: 44 \u20ac)<\/td>\n            <td>44 \u20ac<\/td>\n            <td>38 \u20ac<\/td>\n            <td>33 \u20ac<\/td>\n            <td>22 \u20ac<\/td>\n            <td>18 \u20ac<\/td>\n        <\/tr>\n        <tr>\n            <td>GF 18 Loch G\u00e4ste (\u00f6ffentlicher Preis Sem 94\u20ac\/we 106 \u20ac)<\/td>\n            <td>80 \u20ac\/95 \u20ac<\/td>\n            <td>75 \u20ac\/85 \u20ac<\/td>\n            <td>67 \u20ac\/78 \u20ac<\/td>\n            <td>56 \u20ac\/64 \u20ac<\/td>\n            <td>47 \u20ac\/56 \u20ac<\/td>\n        <\/tr>\n        <tr>\n            <td>GF 9 Loch G\u00e4ste (\u00f6ffentlicher Preis Sem 50 \u20ac\/we 60 \u20ac)<\/td>\n            <td>44 \u20ac\/60 \u20ac<\/td>\n            <td>40 \u20ac\/53 \u20ac<\/td>\n            <td>34 \u20ac\/45 \u20ac<\/td>\n            <td>30 \u20ac\/39 \u20ac<\/td>\n            <td>25 \u20ac\/30 \u20ac<\/td>\n        <\/tr>\n        <tr>\n            <td>Preisnachlass auf die Preise im Pro Shop<\/td>\n            <td>3 %<\/td>\n            <td>6 %<\/td>\n            <td>12 %<\/td>\n            <td>20 %<\/td>\n            <td>20 %<\/td>\n        <\/tr>\n        <tr>\n            <td>Preisnachlass auf die Mahlzeitenpreise<\/td>\n            <td>1 %<\/td>\n            <td>2 %<\/td>\n            <td>4 %<\/td>\n            <td>8 %<\/td>\n            <td>8 %<\/td>\n        <\/tr>\n        <tr>\n            <td>Preisnachlass auf Getr\u00e4nkepreise<\/td>\n            <td>2 %<\/td>\n            <td>4 %<\/td>\n            <td>6 %<\/td>\n            <td>9 %<\/td>\n            <td>9 %<\/td>\n        <\/tr>\n    <\/tbody>\n<\/table>\n\t\t<\/div>\n\t\t\t\t\t\t<\/div>\n\t\t\t\t<\/div>\n\t\t\t\t<div class=\"elementor-element elementor-element-77ca7d3 bdt-hide-entries-on-mobile-yes elementor-widget elementor-widget-bdt-table\" data-id=\"77ca7d3\" data-element_type=\"widget\" data-e-type=\"widget\" data-widget_type=\"bdt-table.default\">\n\t\t\t\t<div class=\"elementor-widget-container\">\n\t\t\t\t\t\t\t<div class=\"bdt-table bdt-table-default-responsive\" id=\"bdt-table-77ca7d3\">\n\t\t\t<table>\n    <thead>\n        <tr>\n            <th>ALL IN ONE Besucher<\/th>\n            <th>PM (1\u20ac oder mehr)<\/th>\n            <th>150 \u20ac<\/th>\n            <th>300 \u20ac<\/th>\n            <th>500 \u20ac<\/th>\n            <th>1 000 \u20ac<\/th>\n        <\/tr>\n    <\/thead>\n    <tbody>\n        <tr>\n            <td>Eimer mit B\u00e4llen (\u00f6ffentlicher Preis: 5 \u20ac)<\/td>\n            <td>5 \u20ac<\/td>\n            <td>3,50 \u20ac<\/td>\n            <td>3 \u20ac<\/td>\n            <td>2,50 \u20ac<\/td>\n            <td>2 \u20ac<\/td>\n        <\/tr>\n        <tr>\n            <td>Kleinwagen (\u00f6ffentlicher Preis: 44 \u20ac)<\/td>\n            <td>44 \u20ac<\/td>\n            <td>40 \u20ac<\/td>\n            <td>40 \u20ac<\/td>\n            <td>38 \u20ac<\/td>\n            <td>33 \u20ac<\/td>\n        <\/tr>\n        <tr>\n            <td>GF 18 Loch G\u00e4ste (\u00f6ffentlicher Preis Sem 94 \u20ac\/we 106 \u20ac)<\/td>\n            <td>94 \u20ac\/106 \u20ac<\/td>\n            <td>90 \u20ac\/100 \u20ac<\/td>\n            <td>80 \u20ac\/95 \u20ac<\/td>\n            <td>75 \u20ac\/85 \u20ac<\/td>\n            <td>67 \u20ac\/78 \u20ac<\/td>\n        <\/tr>\n        <tr>\n            <td>GF 9 Loch G\u00e4ste (\u00f6ffentlicher Preis Sem 50 \u20ac\/we 60 \u20ac)<\/td>\n            <td>-<\/td>\n            <td>-<\/td>\n            <td>44 \u20ac\/60 \u20ac<\/td>\n            <td>40 \u20ac\/53 \u20ac<\/td>\n            <td>38 \u20ac\/50 \u20ac<\/td>\n        <\/tr>\n        <tr>\n            <td>Preisnachlass auf die Preise im Pro Shop<\/td>\n            <td>-<\/td>\n            <td>-<\/td>\n            <td>3 %<\/td>\n            <td>6 %<\/td>\n            <td>12 %<\/td>\n        <\/tr>\n        <tr>\n            <td>Preisnachlass auf die Mahlzeitenpreise<\/td>\n            <td>-<\/td>\n            <td>-<\/td>\n            <td>1 %<\/td>\n            <td>2 %<\/td>\n            <td>4 %<\/td>\n        <\/tr>\n        <tr>\n            <td>Preisnachlass auf Getr\u00e4nkepreise<\/td>\n            <td>-<\/td>\n            <td>-<\/td>\n            <td>4 %<\/td>\n            <td>4 %<\/td>\n            <td>6 %<\/td>\n        <\/tr>\n    <\/tbody>\n<\/table>\n\t\t<\/div>\n\t\t\t\t\t\t<\/div>\n\t\t\t\t<\/div>\n\t\t\t\t<div class=\"elementor-element elementor-element-87f677a bdt-hide-entries-on-mobile-yes elementor-widget elementor-widget-bdt-table\" data-id=\"87f677a\" data-element_type=\"widget\" data-e-type=\"widget\" data-widget_type=\"bdt-table.default\">\n\t\t\t\t<div class=\"elementor-widget-container\">\n\t\t\t\t\t\t\t<div class=\"bdt-table bdt-table-default-responsive\" id=\"bdt-table-87f677a\">\n\t\t\t<table>\n    <thead>\n        <tr>\n            <th>ALL IN ONE Restaurant<\/th>\n            <th>PM (1\u20ac oder mehr)<\/th>\n            <th>300 \u20ac<\/th>\n            <th>500 \u20ac <\/th> \n        <\/tr>\n    <\/thead>\n    <tbody>\n        <tr>\n            <td>Erm\u00e4\u00dfigung auf die Mahlzeitenpreise<\/td>\n<td>1 %<\/td>\n<td>2 %<\/td>\n<td>4 % <\/td> \n        <\/tr>\n        <tr>\n            <td>Preisnachlass auf Getr\u00e4nkepreise<\/td>\n<td>2 %<\/td>\n<td>4 %<\/td>\n<td>6 % <\/td> \n        <\/tr>\n    <\/tbody>\n<\/table>\t\t<\/div>\n\t\t\t\t\t\t<\/div>\n\t\t\t\t<\/div>\n\t\t\t\t\t<\/div>\n\t\t<\/div>\n\t\t\t\t\t<\/div>\n\t\t<\/section>\n\t\t\t\t<\/div>\n\t\t","protected":false},"excerpt":{"rendered":"<p>GOLFCLUB SOUFFLENHEIM All-in-one-Karte &#8211; Gewinnen Sie Freiheit! Es gibt nichts Besseres als die All-In-One-Karte des Golf de Soufflenheim, um zu trainieren und zu spielen, zu teilen und in aller Freiheit zu genie\u00dfen. Ich bin Mitglied, Mitglied A.S.G.S.*, Greenfee-Besucher, Anf\u00e4nger, Privatperson, Berufst\u00e4tiger, Stammgast des Restaurants &#8222;LE PANORAMA&#8220;. Ich bestelle und erhalte die Karte am Empfang des [&hellip;]<\/p>\n","protected":false},"author":1,"featured_media":0,"parent":0,"menu_order":16,"comment_status":"closed","ping_status":"closed","template":"","meta":{"_acf_changed":false,"footnotes":""},"class_list":["post-7868","page","type-page","status-publish","hentry"],"acf":[],"_links":{"self":[{"href":"https:\/\/golfclub-soufflenheim.com\/de\/wp-json\/wp\/v2\/pages\/7868","targetHints":{"allow":["GET"]}}],"collection":[{"href":"https:\/\/golfclub-soufflenheim.com\/de\/wp-json\/wp\/v2\/pages"}],"about":[{"href":"https:\/\/golfclub-soufflenheim.com\/de\/wp-json\/wp\/v2\/types\/page"}],"author":[{"embeddable":true,"href":"https:\/\/golfclub-soufflenheim.com\/de\/wp-json\/wp\/v2\/users\/1"}],"replies":[{"embeddable":true,"href":"https:\/\/golfclub-soufflenheim.com\/de\/wp-json\/wp\/v2\/comments?post=7868"}],"version-history":[{"count":0,"href":"https:\/\/golfclub-soufflenheim.com\/de\/wp-json\/wp\/v2\/pages\/7868\/revisions"}],"wp:attachment":[{"href":"https:\/\/golfclub-soufflenheim.com\/de\/wp-json\/wp\/v2\/media?parent=7868"}],"curies":[{"name":"wp","href":"https:\/\/api.w.org\/{rel}","templated":true}]}}