{"id":7874,"date":"2022-12-05T17:08:35","date_gmt":"2022-12-05T16:08:35","guid":{"rendered":"https:\/\/golf.gclicke.me\/geselliges-golfen\/"},"modified":"2024-02-26T15:18:33","modified_gmt":"2024-02-26T14:18:33","slug":"geselliges-golfen","status":"publish","type":"page","link":"https:\/\/golfclub-soufflenheim.com\/de\/geselliges-golfen\/","title":{"rendered":"Geselliges golfen"},"content":{"rendered":"\t\t<div data-elementor-type=\"wp-page\" data-elementor-id=\"7874\" class=\"elementor elementor-7874 elementor-4827\" data-elementor-settings=\"{&quot;element_pack_global_tooltip_width&quot;:{&quot;unit&quot;:&quot;px&quot;,&quot;size&quot;:&quot;&quot;,&quot;sizes&quot;:[]},&quot;element_pack_global_tooltip_width_tablet&quot;:{&quot;unit&quot;:&quot;px&quot;,&quot;size&quot;:&quot;&quot;,&quot;sizes&quot;:[]},&quot;element_pack_global_tooltip_width_mobile&quot;:{&quot;unit&quot;:&quot;px&quot;,&quot;size&quot;:&quot;&quot;,&quot;sizes&quot;:[]},&quot;element_pack_global_tooltip_padding&quot;:{&quot;unit&quot;:&quot;px&quot;,&quot;top&quot;:&quot;&quot;,&quot;right&quot;:&quot;&quot;,&quot;bottom&quot;:&quot;&quot;,&quot;left&quot;:&quot;&quot;,&quot;isLinked&quot;:true},&quot;element_pack_global_tooltip_padding_tablet&quot;:{&quot;unit&quot;:&quot;px&quot;,&quot;top&quot;:&quot;&quot;,&quot;right&quot;:&quot;&quot;,&quot;bottom&quot;:&quot;&quot;,&quot;left&quot;:&quot;&quot;,&quot;isLinked&quot;:true},&quot;element_pack_global_tooltip_padding_mobile&quot;:{&quot;unit&quot;:&quot;px&quot;,&quot;top&quot;:&quot;&quot;,&quot;right&quot;:&quot;&quot;,&quot;bottom&quot;:&quot;&quot;,&quot;left&quot;:&quot;&quot;,&quot;isLinked&quot;:true},&quot;element_pack_global_tooltip_border_radius&quot;:{&quot;unit&quot;:&quot;px&quot;,&quot;top&quot;:&quot;&quot;,&quot;right&quot;:&quot;&quot;,&quot;bottom&quot;:&quot;&quot;,&quot;left&quot;:&quot;&quot;,&quot;isLinked&quot;:true},&quot;element_pack_global_tooltip_border_radius_tablet&quot;:{&quot;unit&quot;:&quot;px&quot;,&quot;top&quot;:&quot;&quot;,&quot;right&quot;:&quot;&quot;,&quot;bottom&quot;:&quot;&quot;,&quot;left&quot;:&quot;&quot;,&quot;isLinked&quot;:true},&quot;element_pack_global_tooltip_border_radius_mobile&quot;:{&quot;unit&quot;:&quot;px&quot;,&quot;top&quot;:&quot;&quot;,&quot;right&quot;:&quot;&quot;,&quot;bottom&quot;:&quot;&quot;,&quot;left&quot;:&quot;&quot;,&quot;isLinked&quot;:true}}\" data-elementor-post-type=\"page\">\n\t\t\t\t\t\t<section class=\"elementor-section elementor-top-section elementor-element elementor-element-4df7461d elementor-section-height-min-height elementor-section-items-stretch elementor-section-boxed elementor-section-height-default\" data-id=\"4df7461d\" data-element_type=\"section\" data-settings=\"{&quot;background_background&quot;:&quot;classic&quot;}\">\n\t\t\t\t\t\t\t<div class=\"elementor-background-overlay\"><\/div>\n\t\t\t\t\t\t\t<div class=\"elementor-container elementor-column-gap-default\">\n\t\t\t\t\t<div class=\"elementor-column elementor-col-100 elementor-top-column elementor-element elementor-element-bea51d8\" data-id=\"bea51d8\" data-element_type=\"column\" data-settings=\"{&quot;background_background&quot;:&quot;classic&quot;}\">\n\t\t\t<div class=\"elementor-widget-wrap elementor-element-populated\">\n\t\t\t\t\t<div class=\"elementor-background-overlay\"><\/div>\n\t\t\t\t\t\t<div class=\"elementor-element elementor-element-3004b00e elementor-invisible elementor-widget elementor-widget-heading\" data-id=\"3004b00e\" data-element_type=\"widget\" data-settings=\"{&quot;_animation&quot;:&quot;fadeInDown&quot;}\" data-widget_type=\"heading.default\">\n\t\t\t\t<div class=\"elementor-widget-container\">\n\t\t\t\t\t<p class=\"elementor-heading-title elementor-size-default\">GOLF CLUB SOUFFLENHEIM<\/p>\t\t\t\t<\/div>\n\t\t\t\t<\/div>\n\t\t\t\t<div class=\"elementor-element elementor-element-601652c9 elementor-widget elementor-widget-heading\" data-id=\"601652c9\" data-element_type=\"widget\" data-widget_type=\"heading.default\">\n\t\t\t\t<div class=\"elementor-widget-container\">\n\t\t\t\t\t<h1 class=\"elementor-heading-title elementor-size-default\">Geselliges golfen<\/h1>\t\t\t\t<\/div>\n\t\t\t\t<\/div>\n\t\t\t\t\t<\/div>\n\t\t<\/div>\n\t\t\t\t\t<\/div>\n\t\t<\/section>\n\t\t\t\t<section class=\"elementor-section elementor-top-section elementor-element elementor-element-9d011f7 elementor-section-boxed elementor-section-height-default elementor-section-height-default\" data-id=\"9d011f7\" data-element_type=\"section\" data-settings=\"{&quot;background_background&quot;:&quot;classic&quot;}\">\n\t\t\t\t\t\t<div class=\"elementor-container elementor-column-gap-default\">\n\t\t\t\t\t<div class=\"elementor-column elementor-col-50 elementor-top-column elementor-element elementor-element-199e54e\" data-id=\"199e54e\" data-element_type=\"column\">\n\t\t\t<div class=\"elementor-widget-wrap elementor-element-populated\">\n\t\t\t\t\t\t<div class=\"elementor-element elementor-element-79cbfcde elementor-widget elementor-widget-heading\" data-id=\"79cbfcde\" data-element_type=\"widget\" data-widget_type=\"heading.default\">\n\t\t\t\t<div class=\"elementor-widget-container\">\n\t\t\t\t\t<h2 class=\"elementor-heading-title elementor-size-default\">Die \"RYDERS\" von Soufflenheim<\/h2>\t\t\t\t<\/div>\n\t\t\t\t<\/div>\n\t\t\t\t<div class=\"elementor-element elementor-element-9170b4e elementor-widget-divider--view-line elementor-widget elementor-widget-divider\" data-id=\"9170b4e\" data-element_type=\"widget\" data-widget_type=\"divider.default\">\n\t\t\t\t<div class=\"elementor-widget-container\">\n\t\t\t\t\t\t\t<div class=\"elementor-divider\">\n\t\t\t<span class=\"elementor-divider-separator\">\n\t\t\t\t\t\t<\/span>\n\t\t<\/div>\n\t\t\t\t\t\t<\/div>\n\t\t\t\t<\/div>\n\t\t\t\t<div class=\"elementor-element elementor-element-5b86930c elementor-widget elementor-widget-text-editor\" data-id=\"5b86930c\" data-element_type=\"widget\" data-widget_type=\"text-editor.default\">\n\t\t\t\t<div class=\"elementor-widget-container\">\n\t\t\t\t\t\t\t\t\t<p>Hier lebt die deutsch-franz\u00f6sische Freundschaft.<\/p>\n<p>Von April bis Oktober finden jeweils am Mittwochnachmittag Golfrunden unserer Herren statt.<\/p>\n<p>Die gemeinsame Leidenschaft, die uns verbindet, ist die Liebe zum Sport, in all seinen Aspekten.<br \/>\nWir sind eine Gruppe ambitionierter Golfer, der Sport ist unser Hauptanliegen.<br \/>\nJeden Mittwoch finden anerkannte Turniere von den Abschl\u00e4gen Gelb und Wei\u00df statt.<\/p>\n<p>Der H\u00f6hepunkt des Jahres ist jeweils der Soufflenheimer Ryder Cup (Frankreich gegen Deutschland), nach dem Modell des Ryder Cup (USA gegen Europa).<br \/>\nDas Spiel verl\u00e4uft auf hohem Niveau in 3 Runden.<\/p>\n<p>Diese L\u00e4nderspiele zwischen Frankreich und Deutschland sind stets hart umk\u00e4mpft.<\/p>\n<p>Wir legen besonderen Wert darauf, Golf mit Respekt, Spa\u00df und Geselligkeit zu spielen.<\/p>\n<p>Wir haben zurzeit etwa f\u00fcnfzig Spieler.<\/p>\n<p>Alle Herren unter den Mitgliedern des Golfclubs Soufflenheim im Alter von \u00fcber 21 Jahren und mit einem Index \u00fcber 18 k\u00f6nnen den Ryders beitreten.<\/p>\n<p>Kontakt: R\u00e9my SIMON<br \/>\n<a href=\"mailto:simonremy@free.fr\">simonremy@free.fr<\/a><\/p>\n\t\t\t\t\t\t\t\t<\/div>\n\t\t\t\t<\/div>\n\t\t\t\t\t<\/div>\n\t\t<\/div>\n\t\t\t\t<div class=\"elementor-column elementor-col-50 elementor-top-column elementor-element elementor-element-83b0ffd\" data-id=\"83b0ffd\" data-element_type=\"column\">\n\t\t\t<div class=\"elementor-widget-wrap elementor-element-populated\">\n\t\t\t\t\t\t<div class=\"elementor-element elementor-element-c9da788 elementor-arrows-position-inside elementor-pagination-position-outside elementor-widget elementor-widget-image-carousel\" data-id=\"c9da788\" data-element_type=\"widget\" data-settings=\"{&quot;slides_to_show&quot;:&quot;1&quot;,&quot;navigation&quot;:&quot;both&quot;,&quot;autoplay&quot;:&quot;yes&quot;,&quot;pause_on_hover&quot;:&quot;yes&quot;,&quot;pause_on_interaction&quot;:&quot;yes&quot;,&quot;autoplay_speed&quot;:5000,&quot;infinite&quot;:&quot;yes&quot;,&quot;effect&quot;:&quot;slide&quot;,&quot;speed&quot;:500}\" data-widget_type=\"image-carousel.default\">\n\t\t\t\t<div class=\"elementor-widget-container\">\n\t\t\t\t\t\t\t<div class=\"elementor-image-carousel-wrapper swiper\" role=\"region\" aria-roledescription=\"carousel\" aria-label=\"Bild Karussell\" dir=\"ltr\">\n\t\t\t<div class=\"elementor-image-carousel swiper-wrapper\" aria-live=\"off\">\n\t\t\t\t\t\t\t\t<div class=\"swiper-slide\" role=\"group\" aria-roledescription=\"slide\" aria-label=\"1 von 3\"><figure class=\"swiper-slide-inner\"><img decoding=\"async\" class=\"swiper-slide-image\" src=\"https:\/\/golfclub-soufflenheim.com\/wp-content\/uploads\/2023\/02\/ryders-3.jpg\" alt=\"ryders 3\" \/><\/figure><\/div><div class=\"swiper-slide\" role=\"group\" aria-roledescription=\"slide\" aria-label=\"2 von 3\"><figure class=\"swiper-slide-inner\"><img decoding=\"async\" class=\"swiper-slide-image\" src=\"https:\/\/golfclub-soufflenheim.com\/wp-content\/uploads\/2023\/02\/Ryders-2.jpg\" alt=\"Ryders 2\" \/><\/figure><\/div><div class=\"swiper-slide\" role=\"group\" aria-roledescription=\"slide\" aria-label=\"3 von 3\"><figure class=\"swiper-slide-inner\"><img decoding=\"async\" class=\"swiper-slide-image\" src=\"https:\/\/golfclub-soufflenheim.com\/wp-content\/uploads\/2023\/02\/ryders-1.jpg\" alt=\"ryders 1\" \/><\/figure><\/div>\t\t\t<\/div>\n\t\t\t\t\t\t\t\t\t\t\t\t<div class=\"elementor-swiper-button elementor-swiper-button-prev\" role=\"button\" tabindex=\"0\">\n\t\t\t\t\t\t<i aria-hidden=\"true\" class=\"eicon-chevron-left\"><\/i>\t\t\t\t\t<\/div>\n\t\t\t\t\t<div class=\"elementor-swiper-button elementor-swiper-button-next\" role=\"button\" tabindex=\"0\">\n\t\t\t\t\t\t<i aria-hidden=\"true\" class=\"eicon-chevron-right\"><\/i>\t\t\t\t\t<\/div>\n\t\t\t\t\n\t\t\t\t\t\t\t\t\t<div class=\"swiper-pagination\"><\/div>\n\t\t\t\t\t\t\t\t\t<\/div>\n\t\t\t\t\t\t<\/div>\n\t\t\t\t<\/div>\n\t\t\t\t\t<\/div>\n\t\t<\/div>\n\t\t\t\t\t<\/div>\n\t\t<\/section>\n\t\t\t\t<section class=\"elementor-section elementor-top-section elementor-element elementor-element-5db4468 elementor-section-boxed elementor-section-height-default elementor-section-height-default\" data-id=\"5db4468\" data-element_type=\"section\" data-settings=\"{&quot;background_background&quot;:&quot;classic&quot;}\">\n\t\t\t\t\t\t<div class=\"elementor-container elementor-column-gap-default\">\n\t\t\t\t\t<div class=\"elementor-column elementor-col-50 elementor-top-column elementor-element elementor-element-2a7d45a\" data-id=\"2a7d45a\" data-element_type=\"column\">\n\t\t\t<div class=\"elementor-widget-wrap elementor-element-populated\">\n\t\t\t\t\t\t<div class=\"elementor-element elementor-element-e4fe397 elementor-widget elementor-widget-image\" data-id=\"e4fe397\" data-element_type=\"widget\" data-widget_type=\"image.default\">\n\t\t\t\t<div class=\"elementor-widget-container\">\n\t\t\t\t\t\t\t\t\t\t\t\t\t\t\t<img fetchpriority=\"high\" decoding=\"async\" width=\"800\" height=\"600\" src=\"https:\/\/golfclub-soufflenheim.com\/wp-content\/uploads\/2023\/02\/seniors-01.jpg\" class=\"attachment-large size-large wp-image-9983\" alt=\"\" srcset=\"https:\/\/golfclub-soufflenheim.com\/wp-content\/uploads\/2023\/02\/seniors-01.jpg 900w, https:\/\/golfclub-soufflenheim.com\/wp-content\/uploads\/2023\/02\/seniors-01-300x225.jpg 300w, https:\/\/golfclub-soufflenheim.com\/wp-content\/uploads\/2023\/02\/seniors-01-768x576.jpg 768w, https:\/\/golfclub-soufflenheim.com\/wp-content\/uploads\/2023\/02\/seniors-01-600x450.jpg 600w\" sizes=\"(max-width: 800px) 100vw, 800px\" \/>\t\t\t\t\t\t\t\t\t\t\t\t\t\t\t<\/div>\n\t\t\t\t<\/div>\n\t\t\t\t<div class=\"elementor-element elementor-element-1448e35 elementor-widget elementor-widget-image\" data-id=\"1448e35\" data-element_type=\"widget\" data-widget_type=\"image.default\">\n\t\t\t\t<div class=\"elementor-widget-container\">\n\t\t\t\t\t\t\t\t\t\t\t\t\t\t\t<img decoding=\"async\" width=\"480\" height=\"640\" src=\"https:\/\/golfclub-soufflenheim.com\/wp-content\/uploads\/2023\/02\/IMG_9153-rotated.jpg\" class=\"attachment-large size-large wp-image-9986\" alt=\"\" srcset=\"https:\/\/golfclub-soufflenheim.com\/wp-content\/uploads\/2023\/02\/IMG_9153-rotated.jpg 480w, https:\/\/golfclub-soufflenheim.com\/wp-content\/uploads\/2023\/02\/IMG_9153-225x300.jpg 225w\" sizes=\"(max-width: 480px) 100vw, 480px\" \/>\t\t\t\t\t\t\t\t\t\t\t\t\t\t\t<\/div>\n\t\t\t\t<\/div>\n\t\t\t\t\t<\/div>\n\t\t<\/div>\n\t\t\t\t<div class=\"elementor-column elementor-col-50 elementor-top-column elementor-element elementor-element-e730189\" data-id=\"e730189\" data-element_type=\"column\">\n\t\t\t<div class=\"elementor-widget-wrap elementor-element-populated\">\n\t\t\t\t\t\t<div class=\"elementor-element elementor-element-3ac9308 elementor-widget elementor-widget-heading\" data-id=\"3ac9308\" data-element_type=\"widget\" data-widget_type=\"heading.default\">\n\t\t\t\t<div class=\"elementor-widget-container\">\n\t\t\t\t\t<h2 class=\"elementor-heading-title elementor-size-default\">DIE SENIOREN (Herren)<\/h2>\t\t\t\t<\/div>\n\t\t\t\t<\/div>\n\t\t\t\t<div class=\"elementor-element elementor-element-b7feede elementor-widget-divider--view-line elementor-widget elementor-widget-divider\" data-id=\"b7feede\" data-element_type=\"widget\" data-widget_type=\"divider.default\">\n\t\t\t\t<div class=\"elementor-widget-container\">\n\t\t\t\t\t\t\t<div class=\"elementor-divider\">\n\t\t\t<span class=\"elementor-divider-separator\">\n\t\t\t\t\t\t<\/span>\n\t\t<\/div>\n\t\t\t\t\t\t<\/div>\n\t\t\t\t<\/div>\n\t\t\t\t<div class=\"elementor-element elementor-element-27238eb8 elementor-widget elementor-widget-text-editor\" data-id=\"27238eb8\" data-element_type=\"widget\" data-widget_type=\"text-editor.default\">\n\t\t\t\t<div class=\"elementor-widget-container\">\n\t\t\t\t\t\t\t\t\t<p>Der Golfclub Soufflenheim-Baden-Baden, dessen Parcours zu den sch\u00f6nsten Europas geh\u00f6rt, besitzt seit seiner Gr\u00fcndung eine Gruppen &#8222;Senioren&#8220;. Wir sind alle Clubmitglieder und haben Spa\u00df am Golfspiel, ob allein oder in regelm\u00e4\u00dfigen Gruppenrunden mit Freunden &#8211; immer getreu der Devise: ich spiele zum Vergn\u00fcgen.<\/p>\n<p>Unsere Treffen finden haupts\u00e4chlich alle zwei Wochen statt, jeweils mittwochs, mit einem internen Turnier auf dem 18-Loch-Platz, gefolgt von einem gemeinsamen Essen im Restaurant des Clubs, einem weiteren geselligen Moment!<br \/>\nAm Ende jedes Wettkampfs erhalten die Bestplatzierten kleine Preise.<\/p>\n<p>Wir sch\u00e4tzen auch die Begegnungen mit Senioren-Teams der benachbarten Clubs. Diese Freundschafts-Golfausfl\u00fcge erm\u00f6glichen es den Teilnehmern, andere sch\u00f6ne Golfpl\u00e4tze in sympathischer Atmosph\u00e4re zu entdecken.<\/p>\n<p>M\u00f6chten Sie einer &#8222;Senioren-Gruppe&#8220; beitreten? Nichts einfacher als das &#8211; Sie brauchen lediglich die Mitgliedschaft im Club von Soufflenheim und zahlen einen Jahresbeitrag von 80 Euro. (Eine Teilnahme als Gastspieler ist ebenfalls m\u00f6glich).<\/p>\n<p>Unser Beitrittsangebot zur &#8222;Senioren&#8220;-\u2013Gruppe ist unverbindlich und dient einzig dem Zweck, Ihnen das Golfspielen in Soufflenheim &#8211; einem wundersch\u00f6nen Golfplatz &#8211; noch unterhaltsamer und entspannter zu machen.<\/p>\n<p>Kontakt: Alain PATAY<br \/>\nalainpatay@alice-dsl.net<\/p>\n\t\t\t\t\t\t\t\t<\/div>\n\t\t\t\t<\/div>\n\t\t\t\t\t<\/div>\n\t\t<\/div>\n\t\t\t\t\t<\/div>\n\t\t<\/section>\n\t\t\t\t<section class=\"elementor-section elementor-top-section elementor-element elementor-element-5d7fff5 elementor-section-boxed elementor-section-height-default elementor-section-height-default\" data-id=\"5d7fff5\" data-element_type=\"section\">\n\t\t\t\t\t\t<div class=\"elementor-container elementor-column-gap-default\">\n\t\t\t\t\t<div class=\"elementor-column elementor-col-50 elementor-top-column elementor-element elementor-element-00ea820\" data-id=\"00ea820\" data-element_type=\"column\">\n\t\t\t<div class=\"elementor-widget-wrap elementor-element-populated\">\n\t\t\t\t\t\t<div class=\"elementor-element elementor-element-53218330 elementor-widget elementor-widget-heading\" data-id=\"53218330\" data-element_type=\"widget\" data-widget_type=\"heading.default\">\n\t\t\t\t<div class=\"elementor-widget-container\">\n\t\t\t\t\t<h2 class=\"elementor-heading-title elementor-size-default\">\"NEXTGOLF\" - Turniere  <\/h2>\t\t\t\t<\/div>\n\t\t\t\t<\/div>\n\t\t\t\t<div class=\"elementor-element elementor-element-0428aff elementor-widget-divider--view-line elementor-widget elementor-widget-divider\" data-id=\"0428aff\" data-element_type=\"widget\" data-widget_type=\"divider.default\">\n\t\t\t\t<div class=\"elementor-widget-container\">\n\t\t\t\t\t\t\t<div class=\"elementor-divider\">\n\t\t\t<span class=\"elementor-divider-separator\">\n\t\t\t\t\t\t<\/span>\n\t\t<\/div>\n\t\t\t\t\t\t<\/div>\n\t\t\t\t<\/div>\n\t\t\t\t<div class=\"elementor-element elementor-element-5fd25992 elementor-widget elementor-widget-text-editor\" data-id=\"5fd25992\" data-element_type=\"widget\" data-widget_type=\"text-editor.default\">\n\t\t\t\t<div class=\"elementor-widget-container\">\n\t\t\t\t\t\t\t\t\t<p>Die Wettk\u00e4mpfe stehen allen Spielern offen, ausgenommen Anf\u00e4ngern. Die Spieler stammen aus Clubs der Region Grand Est. Die Wettk\u00e4mpfe finden sowohl in Frankreich, als auch bei benachbarten Golfclubs in Deutschland statt.<\/p>\n<p>Die Teilnehmer brauchen keine Jahresgeb\u00fchr zu entrichten. Jede(r) Spieler(in) bezahlt ein erm\u00e4\u00dfigtes Greenfee, seine Z\u00e4hlkarte und einen Unkostenbeitrag f\u00fcr die Spielpreise.<\/p>\n<p>Die Besonderheit dieses Wettkampfes liegt darin, dass jeder Spieler einen Preis erh\u00e4lt, vom Sieger bis hin zum Schlusslicht.<\/p>\n<p>Interessenten, die der &#8222;NEXTGOLF&#8220;-Gruppe beitreten m\u00f6chte, k\u00f6nnen sich unter folgender E-Mail-Adresse anmelden: Nextgolf10@gmail.com<\/p>\n<p>Vielleicht sehen wir uns bald!<\/p>\n<p>Kontakt: Andr\u00e9 MEIER<\/p>\n\t\t\t\t\t\t\t\t<\/div>\n\t\t\t\t<\/div>\n\t\t\t\t\t<\/div>\n\t\t<\/div>\n\t\t\t\t<div class=\"elementor-column elementor-col-50 elementor-top-column elementor-element elementor-element-9114b82\" data-id=\"9114b82\" data-element_type=\"column\">\n\t\t\t<div class=\"elementor-widget-wrap elementor-element-populated\">\n\t\t\t\t\t\t<div class=\"elementor-element elementor-element-7c7ba36 elementor-widget elementor-widget-image\" data-id=\"7c7ba36\" data-element_type=\"widget\" data-widget_type=\"image.default\">\n\t\t\t\t<div class=\"elementor-widget-container\">\n\t\t\t\t\t\t\t\t\t\t\t\t\t\t\t<img decoding=\"async\" width=\"768\" height=\"1024\" src=\"https:\/\/golfclub-soufflenheim.com\/wp-content\/uploads\/2023\/02\/nextgolf.jpg\" class=\"attachment-large size-large wp-image-9970\" alt=\"\" srcset=\"https:\/\/golfclub-soufflenheim.com\/wp-content\/uploads\/2023\/02\/nextgolf.jpg 768w, https:\/\/golfclub-soufflenheim.com\/wp-content\/uploads\/2023\/02\/nextgolf-225x300.jpg 225w, https:\/\/golfclub-soufflenheim.com\/wp-content\/uploads\/2023\/02\/nextgolf-600x800.jpg 600w\" sizes=\"(max-width: 768px) 100vw, 768px\" \/>\t\t\t\t\t\t\t\t\t\t\t\t\t\t\t<\/div>\n\t\t\t\t<\/div>\n\t\t\t\t<div class=\"elementor-element elementor-element-4497923 elementor-widget elementor-widget-image\" data-id=\"4497923\" data-element_type=\"widget\" data-widget_type=\"image.default\">\n\t\t\t\t<div class=\"elementor-widget-container\">\n\t\t\t\t\t\t\t\t\t\t\t\t\t\t\t<img loading=\"lazy\" decoding=\"async\" width=\"800\" height=\"435\" src=\"https:\/\/golfclub-soufflenheim.com\/wp-content\/uploads\/2023\/02\/nextgolf-2.jpg\" class=\"attachment-large size-large wp-image-9973\" alt=\"\" srcset=\"https:\/\/golfclub-soufflenheim.com\/wp-content\/uploads\/2023\/02\/nextgolf-2.jpg 923w, https:\/\/golfclub-soufflenheim.com\/wp-content\/uploads\/2023\/02\/nextgolf-2-300x163.jpg 300w, https:\/\/golfclub-soufflenheim.com\/wp-content\/uploads\/2023\/02\/nextgolf-2-768x418.jpg 768w, https:\/\/golfclub-soufflenheim.com\/wp-content\/uploads\/2023\/02\/nextgolf-2-600x326.jpg 600w\" sizes=\"(max-width: 800px) 100vw, 800px\" \/>\t\t\t\t\t\t\t\t\t\t\t\t\t\t\t<\/div>\n\t\t\t\t<\/div>\n\t\t\t\t\t<\/div>\n\t\t<\/div>\n\t\t\t\t\t<\/div>\n\t\t<\/section>\n\t\t\t\t<\/div>\n\t\t","protected":false},"excerpt":{"rendered":"<p>GOLF CLUB SOUFFLENHEIM Die &#8222;RYDERS&#8220; von Soufflenheim Hier lebt die deutsch-franz\u00f6sische Freundschaft. Von April bis Oktober finden jeweils am Mittwochnachmittag Golfrunden unserer Herren statt. Die gemeinsame Leidenschaft, die uns verbindet, ist die Liebe zum Sport, in all seinen Aspekten. Wir sind eine Gruppe ambitionierter Golfer, der Sport ist unser Hauptanliegen. Jeden Mittwoch finden anerkannte Turniere [&hellip;]<\/p>\n","protected":false},"author":1,"featured_media":0,"parent":0,"menu_order":19,"comment_status":"closed","ping_status":"closed","template":"","meta":{"_acf_changed":false,"footnotes":""},"class_list":["post-7874","page","type-page","status-publish","hentry"],"acf":[],"_links":{"self":[{"href":"https:\/\/golfclub-soufflenheim.com\/de\/wp-json\/wp\/v2\/pages\/7874","targetHints":{"allow":["GET"]}}],"collection":[{"href":"https:\/\/golfclub-soufflenheim.com\/de\/wp-json\/wp\/v2\/pages"}],"about":[{"href":"https:\/\/golfclub-soufflenheim.com\/de\/wp-json\/wp\/v2\/types\/page"}],"author":[{"embeddable":true,"href":"https:\/\/golfclub-soufflenheim.com\/de\/wp-json\/wp\/v2\/users\/1"}],"replies":[{"embeddable":true,"href":"https:\/\/golfclub-soufflenheim.com\/de\/wp-json\/wp\/v2\/comments?post=7874"}],"version-history":[{"count":0,"href":"https:\/\/golfclub-soufflenheim.com\/de\/wp-json\/wp\/v2\/pages\/7874\/revisions"}],"wp:attachment":[{"href":"https:\/\/golfclub-soufflenheim.com\/de\/wp-json\/wp\/v2\/media?parent=7874"}],"curies":[{"name":"wp","href":"https:\/\/api.w.org\/{rel}","templated":true}]}}