{"id":7898,"date":"2022-12-06T16:56:05","date_gmt":"2022-12-06T15:56:05","guid":{"rendered":"https:\/\/golf.gclicke.me\/der-footgolf-verein-von-soufflenheim\/"},"modified":"2025-03-07T14:42:59","modified_gmt":"2025-03-07T13:42:59","slug":"der-footgolf-verein-von-soufflenheim","status":"publish","type":"page","link":"https:\/\/golfclub-soufflenheim.com\/de\/der-footgolf-verein-von-soufflenheim\/","title":{"rendered":"Der Footgolf-verein von Soufflenheim"},"content":{"rendered":"\t\t<div data-elementor-type=\"wp-page\" data-elementor-id=\"7898\" class=\"elementor elementor-7898 elementor-5127\" data-elementor-settings=\"{&quot;element_pack_global_tooltip_width&quot;:{&quot;unit&quot;:&quot;px&quot;,&quot;size&quot;:&quot;&quot;,&quot;sizes&quot;:[]},&quot;element_pack_global_tooltip_width_tablet&quot;:{&quot;unit&quot;:&quot;px&quot;,&quot;size&quot;:&quot;&quot;,&quot;sizes&quot;:[]},&quot;element_pack_global_tooltip_width_mobile&quot;:{&quot;unit&quot;:&quot;px&quot;,&quot;size&quot;:&quot;&quot;,&quot;sizes&quot;:[]},&quot;element_pack_global_tooltip_padding&quot;:{&quot;unit&quot;:&quot;px&quot;,&quot;top&quot;:&quot;&quot;,&quot;right&quot;:&quot;&quot;,&quot;bottom&quot;:&quot;&quot;,&quot;left&quot;:&quot;&quot;,&quot;isLinked&quot;:true},&quot;element_pack_global_tooltip_padding_tablet&quot;:{&quot;unit&quot;:&quot;px&quot;,&quot;top&quot;:&quot;&quot;,&quot;right&quot;:&quot;&quot;,&quot;bottom&quot;:&quot;&quot;,&quot;left&quot;:&quot;&quot;,&quot;isLinked&quot;:true},&quot;element_pack_global_tooltip_padding_mobile&quot;:{&quot;unit&quot;:&quot;px&quot;,&quot;top&quot;:&quot;&quot;,&quot;right&quot;:&quot;&quot;,&quot;bottom&quot;:&quot;&quot;,&quot;left&quot;:&quot;&quot;,&quot;isLinked&quot;:true},&quot;element_pack_global_tooltip_border_radius&quot;:{&quot;unit&quot;:&quot;px&quot;,&quot;top&quot;:&quot;&quot;,&quot;right&quot;:&quot;&quot;,&quot;bottom&quot;:&quot;&quot;,&quot;left&quot;:&quot;&quot;,&quot;isLinked&quot;:true},&quot;element_pack_global_tooltip_border_radius_tablet&quot;:{&quot;unit&quot;:&quot;px&quot;,&quot;top&quot;:&quot;&quot;,&quot;right&quot;:&quot;&quot;,&quot;bottom&quot;:&quot;&quot;,&quot;left&quot;:&quot;&quot;,&quot;isLinked&quot;:true},&quot;element_pack_global_tooltip_border_radius_mobile&quot;:{&quot;unit&quot;:&quot;px&quot;,&quot;top&quot;:&quot;&quot;,&quot;right&quot;:&quot;&quot;,&quot;bottom&quot;:&quot;&quot;,&quot;left&quot;:&quot;&quot;,&quot;isLinked&quot;:true}}\" data-elementor-post-type=\"page\">\n\t\t\t\t\t\t<section class=\"elementor-section elementor-top-section elementor-element elementor-element-4046c898 elementor-section-height-min-height elementor-section-items-stretch elementor-section-boxed elementor-section-height-default\" data-id=\"4046c898\" data-element_type=\"section\" data-e-type=\"section\" data-settings=\"{&quot;background_background&quot;:&quot;classic&quot;}\">\n\t\t\t\t\t\t\t<div class=\"elementor-background-overlay\"><\/div>\n\t\t\t\t\t\t\t<div class=\"elementor-container elementor-column-gap-default\">\n\t\t\t\t\t<div class=\"elementor-column elementor-col-100 elementor-top-column elementor-element elementor-element-73961e5c\" data-id=\"73961e5c\" data-element_type=\"column\" data-e-type=\"column\" data-settings=\"{&quot;background_background&quot;:&quot;classic&quot;}\">\n\t\t\t<div class=\"elementor-widget-wrap elementor-element-populated\">\n\t\t\t\t\t<div class=\"elementor-background-overlay\"><\/div>\n\t\t\t\t\t\t<div class=\"elementor-element elementor-element-6af6ae10 elementor-invisible elementor-widget elementor-widget-heading\" data-id=\"6af6ae10\" data-element_type=\"widget\" data-e-type=\"widget\" data-settings=\"{&quot;_animation&quot;:&quot;fadeInDown&quot;}\" data-widget_type=\"heading.default\">\n\t\t\t\t<div class=\"elementor-widget-container\">\n\t\t\t\t\t<p class=\"elementor-heading-title elementor-size-default\">GOLF CLUB SOUFFLENHEIM<\/p>\t\t\t\t<\/div>\n\t\t\t\t<\/div>\n\t\t\t\t<div class=\"elementor-element elementor-element-10515884 elementor-widget elementor-widget-heading\" data-id=\"10515884\" data-element_type=\"widget\" data-e-type=\"widget\" data-widget_type=\"heading.default\">\n\t\t\t\t<div class=\"elementor-widget-container\">\n\t\t\t\t\t<h1 class=\"elementor-heading-title elementor-size-default\">Der Footgolf-verein von Soufflenheim<\/h1>\t\t\t\t<\/div>\n\t\t\t\t<\/div>\n\t\t\t\t\t<\/div>\n\t\t<\/div>\n\t\t\t\t\t<\/div>\n\t\t<\/section>\n\t\t\t\t<section class=\"elementor-section elementor-top-section elementor-element elementor-element-2dffce3 elementor-section-boxed elementor-section-height-default elementor-section-height-default\" data-id=\"2dffce3\" data-element_type=\"section\" data-e-type=\"section\">\n\t\t\t\t\t\t<div class=\"elementor-container elementor-column-gap-default\">\n\t\t\t\t\t<div class=\"elementor-column elementor-col-100 elementor-top-column elementor-element elementor-element-2340734\" data-id=\"2340734\" data-element_type=\"column\" data-e-type=\"column\">\n\t\t\t<div class=\"elementor-widget-wrap elementor-element-populated\">\n\t\t\t\t\t\t<section class=\"elementor-section elementor-inner-section elementor-element elementor-element-df7d3bb elementor-section-boxed elementor-section-height-default elementor-section-height-default\" data-id=\"df7d3bb\" data-element_type=\"section\" data-e-type=\"section\">\n\t\t\t\t\t\t<div class=\"elementor-container elementor-column-gap-default\">\n\t\t\t\t\t<div class=\"elementor-column elementor-col-50 elementor-inner-column elementor-element elementor-element-8227195\" data-id=\"8227195\" data-element_type=\"column\" data-e-type=\"column\">\n\t\t\t<div class=\"elementor-widget-wrap elementor-element-populated\">\n\t\t\t\t\t\t<div class=\"elementor-element elementor-element-65cbe6c elementor-widget elementor-widget-text-editor\" data-id=\"65cbe6c\" data-element_type=\"widget\" data-e-type=\"widget\" data-widget_type=\"text-editor.default\">\n\t\t\t\t<div class=\"elementor-widget-container\">\n\t\t\t\t\t\t\t\t\t<p><strong>Der Footgolf-Verein von Soufflenheim A.F.G.S.<\/strong>\u00a0wurde zwecks Teilnahme an Footgolf-Wettbewerben gegr\u00fcndet, insbesondere aber auch, um diese Sportart in der Region zu f\u00f6rdern.<\/p>\n<p>Der Verein wurde im Januar 2019 von einer Gruppe langj\u00e4hriger Freunde gegr\u00fcndet: Guillaume, Thibault, Thibaud, G\u00e9raldine, Jonathan, J\u00e9r\u00e9my und Romain. Den Impuls hierf\u00fcr erhielten sie von Aline Graiche, die mehrere Monate lang das Amt der Footgolf-Referentin im Golfclub Soufflenheim versah. Die Stimmung innerhalb des Vereins ist sehr angenehm und herzlich, ein bisschen wie in einer &#8222;gro\u00dfen Familie&#8220;.<\/p>\n<p>Die Mitglieder trainieren regelm\u00e4\u00dfig in ihrem Heimatclub, dem\u00a0<a href=\"https:\/\/www.facebook.com\/GolfInternationalSouffenheimBadenBaden\/?__cft__%5b0%5d=AZVyjRGvJVvRypWeYJlPpuFaoix2bdlshIFb5Nz9QdnCjJ05CH0bhOF59X4OS8qXEmDOB_TRJRi_wiiQUnbUILt7KCnno6zSp30OIOcm0XBYTk-qkEBmVpA6BzTIwtG_5SpJIBGUFr0AxioHPqSspNVKbeNJDwE0noJdBvBgeycglw&amp;__tn__=kK-y-R\" rel=\"noopener\">Golfclub Soufflenheim<\/a>, mit dem sie im Rahmen der Organisation von bestimmten Anl\u00e4ssen zusammenarbeiten. Gelegentlich trainieren sie auch im Club\u00a0<a href=\"https:\/\/www.facebook.com\/GolfduFort\/?__cft__%5b0%5d=AZVyjRGvJVvRypWeYJlPpuFaoix2bdlshIFb5Nz9QdnCjJ05CH0bhOF59X4OS8qXEmDOB_TRJRi_wiiQUnbUILt7KCnno6zSp30OIOcm0XBYTk-qkEBmVpA6BzTIwtG_5SpJIBGUFr0AxioHPqSspNVKbeNJDwE0noJdBvBgeycglw&amp;__tn__=kK-y-R\" rel=\"noopener\">Golf du Fort<\/a>\u00a0in Illkirch, unweit von Stra\u00dfburg.<\/p>\n<p>Sie suchen eine Gruppe f\u00fcr gelegentliche Footgolf-Sessions in herzlicher Stimmung und mit guter Laune? Dann verspricht Ihnen der Verein <a href=\"https:\/\/www.facebook.com\/GolfduFort\/?__cft__%5b0%5d=AZVyjRGvJVvRypWeYJlPpuFaoix2bdlshIFb5Nz9QdnCjJ05CH0bhOF59X4OS8qXEmDOB_TRJRi_wiiQUnbUILt7KCnno6zSp30OIOcm0XBYTk-qkEBmVpA6BzTIwtG_5SpJIBGUFr0AxioHPqSspNVKbeNJDwE0noJdBvBgeycglw&amp;__tn__=kK-y-R\" rel=\"noopener\">Association Foot Golf Soufflenheim<\/a>\u00a0\u2013 A.F.G.S. &#8211; garantiert sch\u00f6ne Momente auf den Greens!<\/p>\n<p>Seit seiner Gr\u00fcndung entwickelt sich die Mitgliederzahl des A.F.G.S. stetig, gr\u00f6\u00dftenteils dank der Unterst\u00fctzung seiner Partner der ersten Stunde.<\/p>\n<p>Auf der sportlichen Seite nimmt der Verein an der <a href=\"https:\/\/www.facebook.com\/AlsaceFrancheComteFootGolfTour\/?__cft__%5b0%5d=AZVyjRGvJVvRypWeYJlPpuFaoix2bdlshIFb5Nz9QdnCjJ05CH0bhOF59X4OS8qXEmDOB_TRJRi_wiiQUnbUILt7KCnno6zSp30OIOcm0XBYTk-qkEBmVpA6BzTIwtG_5SpJIBGUFr0AxioHPqSspNVKbeNJDwE0noJdBvBgeycglw&amp;__tn__=kK-y-R\" rel=\"noopener\">Alsace-Franche-Comt\u00e9 Foot Golf Tour<\/a> sowie an einigen Etappen des Foot Golf Cup teil, darunter insbesondere am\u00a0<a href=\"https:\/\/www.facebook.com\/FootGolfFrenchOpen\/?__cft__%5b0%5d=AZVyjRGvJVvRypWeYJlPpuFaoix2bdlshIFb5Nz9QdnCjJ05CH0bhOF59X4OS8qXEmDOB_TRJRi_wiiQUnbUILt7KCnno6zSp30OIOcm0XBYTk-qkEBmVpA6BzTIwtG_5SpJIBGUFr0AxioHPqSspNVKbeNJDwE0noJdBvBgeycglw&amp;__tn__=kK-y-R\" rel=\"noopener\">Foot Golf French Open<\/a>, einem f\u00fcr Alle unverzichtbaren Event.<\/p>\n<p>Der Verein A.F.G.S. hat keine \u00fcberh\u00f6hten Ambitionen, da seine Mitgliederzahl noch zu gering ist, um an allen Etappen der franz\u00f6sischen Championships teilzunehmen.<\/p>\n<p>F\u00fcr die Mitglieder ist Footgolf in erster Linie ein Hobby, auch wenn einige Spieler hoffen, bei jeder Etappe aufgestellt zu werden, wenn es gilt, gegen die besten Spieler des Cups anzutreten!<\/p>\n<p>Wenn Sie Spieler mit einem roten Schr\u00e4gbalken auf wei\u00dfem oder schwarzem Trikot auf den Greens sehen, sind das zweifelsohne die stolzen Vertreter des A.F.G.S.!<\/p>\n\t\t\t\t\t\t\t\t<\/div>\n\t\t\t\t<\/div>\n\t\t\t\t\t<\/div>\n\t\t<\/div>\n\t\t\t\t<div class=\"elementor-column elementor-col-50 elementor-inner-column elementor-element elementor-element-6301b98\" data-id=\"6301b98\" data-element_type=\"column\" data-e-type=\"column\">\n\t\t\t<div class=\"elementor-widget-wrap elementor-element-populated\">\n\t\t\t\t\t\t<div class=\"elementor-element elementor-element-6d74f5b elementor-widget elementor-widget-image\" data-id=\"6d74f5b\" data-element_type=\"widget\" data-e-type=\"widget\" data-widget_type=\"image.default\">\n\t\t\t\t<div class=\"elementor-widget-container\">\n\t\t\t\t\t\t\t\t\t\t\t\t\t\t\t<img fetchpriority=\"high\" decoding=\"async\" width=\"800\" height=\"808\" src=\"https:\/\/golfclub-soufflenheim.com\/wp-content\/uploads\/2022\/12\/footgolf_association-footgolf-02.jpg\" class=\"attachment-large size-large wp-image-8624\" alt=\"\" srcset=\"https:\/\/golfclub-soufflenheim.com\/wp-content\/uploads\/2022\/12\/footgolf_association-footgolf-02.jpg 891w, https:\/\/golfclub-soufflenheim.com\/wp-content\/uploads\/2022\/12\/footgolf_association-footgolf-02-297x300.jpg 297w, https:\/\/golfclub-soufflenheim.com\/wp-content\/uploads\/2022\/12\/footgolf_association-footgolf-02-768x776.jpg 768w, https:\/\/golfclub-soufflenheim.com\/wp-content\/uploads\/2022\/12\/footgolf_association-footgolf-02-600x606.jpg 600w, https:\/\/golfclub-soufflenheim.com\/wp-content\/uploads\/2022\/12\/footgolf_association-footgolf-02-100x100.jpg 100w\" sizes=\"(max-width: 800px) 100vw, 800px\" \/>\t\t\t\t\t\t\t\t\t\t\t\t\t\t\t<\/div>\n\t\t\t\t<\/div>\n\t\t\t\t<div class=\"elementor-element elementor-element-5b693a2 elementor-widget elementor-widget-text-editor\" data-id=\"5b693a2\" data-element_type=\"widget\" data-e-type=\"widget\" data-widget_type=\"text-editor.default\">\n\t\t\t\t<div class=\"elementor-widget-container\">\n\t\t\t\t\t\t\t\t\t<p>Alle relevanten Informationen finden Sie direkt auf der Facebook-Seite des Vereins &#8222;Associtation Foot Golf Soufflenheim&#8220;:<\/p>\n\t\t\t\t\t\t\t\t<\/div>\n\t\t\t\t<\/div>\n\t\t\t\t<div class=\"elementor-element elementor-element-649870e elementor-view-stacked elementor-shape-circle elementor-widget elementor-widget-icon\" data-id=\"649870e\" data-element_type=\"widget\" data-e-type=\"widget\" data-widget_type=\"icon.default\">\n\t\t\t\t<div class=\"elementor-widget-container\">\n\t\t\t\t\t\t\t<div class=\"elementor-icon-wrapper\">\n\t\t\t<a class=\"elementor-icon\" href=\"https:\/\/www.facebook.com\/AssociationFootgolfSoufflenheim\/\" target=\"_blank\" rel=\"nofollow noopener\">\n\t\t\t<i aria-hidden=\"true\" class=\"fab fa-facebook-f\"><\/i>\t\t\t<\/a>\n\t\t<\/div>\n\t\t\t\t\t\t<\/div>\n\t\t\t\t<\/div>\n\t\t\t\t\t<\/div>\n\t\t<\/div>\n\t\t\t\t\t<\/div>\n\t\t<\/section>\n\t\t\t\t<div class=\"elementor-element elementor-element-2a3f3f0 elementor-widget-divider--view-line elementor-widget elementor-widget-divider\" data-id=\"2a3f3f0\" data-element_type=\"widget\" data-e-type=\"widget\" data-widget_type=\"divider.default\">\n\t\t\t\t<div class=\"elementor-widget-container\">\n\t\t\t\t\t\t\t<div class=\"elementor-divider\">\n\t\t\t<span class=\"elementor-divider-separator\">\n\t\t\t\t\t\t<\/span>\n\t\t<\/div>\n\t\t\t\t\t\t<\/div>\n\t\t\t\t<\/div>\n\t\t\t\t<div class=\"elementor-element elementor-element-478e7ef elementor-widget elementor-widget-heading\" data-id=\"478e7ef\" data-element_type=\"widget\" data-e-type=\"widget\" data-widget_type=\"heading.default\">\n\t\t\t\t<div class=\"elementor-widget-container\">\n\t\t\t\t\t<h2 class=\"elementor-heading-title elementor-size-default\">Die Vorz\u00fcge eines Beitritts zum Verein Foot Golf Soufflenheim<\/h2>\t\t\t\t<\/div>\n\t\t\t\t<\/div>\n\t\t\t\t<section class=\"elementor-section elementor-inner-section elementor-element elementor-element-9e71aec elementor-section-boxed elementor-section-height-default elementor-section-height-default\" data-id=\"9e71aec\" data-element_type=\"section\" data-e-type=\"section\">\n\t\t\t\t\t\t<div class=\"elementor-container elementor-column-gap-default\">\n\t\t\t\t\t<div class=\"elementor-column elementor-col-50 elementor-inner-column elementor-element elementor-element-8aff51b\" data-id=\"8aff51b\" data-element_type=\"column\" data-e-type=\"column\">\n\t\t\t<div class=\"elementor-widget-wrap elementor-element-populated\">\n\t\t\t\t\t\t<div class=\"elementor-element elementor-element-ff16c12 elementor-widget elementor-widget-image\" data-id=\"ff16c12\" data-element_type=\"widget\" data-e-type=\"widget\" data-widget_type=\"image.default\">\n\t\t\t\t<div class=\"elementor-widget-container\">\n\t\t\t\t\t\t\t\t\t\t\t\t\t\t\t<img decoding=\"async\" width=\"700\" height=\"811\" src=\"https:\/\/golfclub-soufflenheim.com\/wp-content\/uploads\/2024\/04\/footgolf-logo-2024.jpg\" class=\"attachment-large size-large wp-image-15464\" alt=\"\" srcset=\"https:\/\/golfclub-soufflenheim.com\/wp-content\/uploads\/2024\/04\/footgolf-logo-2024.jpg 700w, https:\/\/golfclub-soufflenheim.com\/wp-content\/uploads\/2024\/04\/footgolf-logo-2024-259x300.jpg 259w, https:\/\/golfclub-soufflenheim.com\/wp-content\/uploads\/2024\/04\/footgolf-logo-2024-600x695.jpg 600w\" sizes=\"(max-width: 700px) 100vw, 700px\" \/>\t\t\t\t\t\t\t\t\t\t\t\t\t\t\t<\/div>\n\t\t\t\t<\/div>\n\t\t\t\t\t<\/div>\n\t\t<\/div>\n\t\t\t\t<div class=\"elementor-column elementor-col-50 elementor-inner-column elementor-element elementor-element-009b202\" data-id=\"009b202\" data-element_type=\"column\" data-e-type=\"column\">\n\t\t\t<div class=\"elementor-widget-wrap elementor-element-populated\">\n\t\t\t\t\t\t<div class=\"elementor-element elementor-element-4cf0714 elementor-icon-list--layout-traditional elementor-list-item-link-full_width elementor-widget elementor-widget-icon-list\" data-id=\"4cf0714\" data-element_type=\"widget\" data-e-type=\"widget\" data-widget_type=\"icon-list.default\">\n\t\t\t\t<div class=\"elementor-widget-container\">\n\t\t\t\t\t\t\t<ul class=\"elementor-icon-list-items\">\n\t\t\t\t\t\t\t<li class=\"elementor-icon-list-item\">\n\t\t\t\t\t\t\t\t\t\t\t<span class=\"elementor-icon-list-icon\">\n\t\t\t\t\t\t\t<i aria-hidden=\"true\" class=\"fas fa-neuter\"><\/i>\t\t\t\t\t\t<\/span>\n\t\t\t\t\t\t\t\t\t\t<span class=\"elementor-icon-list-text\">Teilnahmepreis pro Session: 15 Euro im Golfclub Soufflenheim f\u00fcr die Saison 2023<\/span>\n\t\t\t\t\t\t\t\t\t<\/li>\n\t\t\t\t\t\t\t\t<li class=\"elementor-icon-list-item\">\n\t\t\t\t\t\t\t\t\t\t\t<span class=\"elementor-icon-list-icon\">\n\t\t\t\t\t\t\t<i aria-hidden=\"true\" class=\"fas fa-neuter\"><\/i>\t\t\t\t\t\t<\/span>\n\t\t\t\t\t\t\t\t\t\t<span class=\"elementor-icon-list-text\">Vorzugspreise bei Events in Soufflenheim<\/span>\n\t\t\t\t\t\t\t\t\t<\/li>\n\t\t\t\t\t\t\t\t<li class=\"elementor-icon-list-item\">\n\t\t\t\t\t\t\t\t\t\t\t<span class=\"elementor-icon-list-icon\">\n\t\t\t\t\t\t\t<i aria-hidden=\"true\" class=\"fas fa-neuter\"><\/i>\t\t\t\t\t\t<\/span>\n\t\t\t\t\t\t\t\t\t\t<span class=\"elementor-icon-list-text\">Erm\u00e4\u00dfigungen f\u00fcr diverse Outfits: AFGS-Weste - schwarzes AFGS-Trikot<\/span>\n\t\t\t\t\t\t\t\t\t<\/li>\n\t\t\t\t\t\t\t\t<li class=\"elementor-icon-list-item\">\n\t\t\t\t\t\t\t\t\t\t\t<span class=\"elementor-icon-list-icon\">\n\t\t\t\t\t\t\t<i aria-hidden=\"true\" class=\"fas fa-neuter\"><\/i>\t\t\t\t\t\t<\/span>\n\t\t\t\t\t\t\t\t\t\t<span class=\"elementor-icon-list-text\">Finanzieller Zuschuss bei der Teilnahme am Foot Golf French Open<\/span>\n\t\t\t\t\t\t\t\t\t<\/li>\n\t\t\t\t\t\t\t\t<li class=\"elementor-icon-list-item\">\n\t\t\t\t\t\t\t\t\t\t\t<span class=\"elementor-icon-list-icon\">\n\t\t\t\t\t\t\t<i aria-hidden=\"true\" class=\"fas fa-neuter\"><\/i>\t\t\t\t\t\t<\/span>\n\t\t\t\t\t\t\t\t\t\t<span class=\"elementor-icon-list-text\">Mitgliedsbeitrag 20 Euro\/Jahr<\/span>\n\t\t\t\t\t\t\t\t\t<\/li>\n\t\t\t\t\t\t\t\t<li class=\"elementor-icon-list-item\">\n\t\t\t\t\t\t\t\t\t\t\t<span class=\"elementor-icon-list-icon\">\n\t\t\t\t\t\t\t<i aria-hidden=\"true\" class=\"fas fa-neuter\"><\/i>\t\t\t\t\t\t<\/span>\n\t\t\t\t\t\t\t\t\t\t<span class=\"elementor-icon-list-text\">Mitgliedsbeitrag + offizielles rot-wei\u00dfes AFGS-Trikot (Kappa): 50 Euro<\/span>\n\t\t\t\t\t\t\t\t\t<\/li>\n\t\t\t\t\t\t<\/ul>\n\t\t\t\t\t\t<\/div>\n\t\t\t\t<\/div>\n\t\t\t\t\t<\/div>\n\t\t<\/div>\n\t\t\t\t\t<\/div>\n\t\t<\/section>\n\t\t\t\t\t<\/div>\n\t\t<\/div>\n\t\t\t\t\t<\/div>\n\t\t<\/section>\n\t\t\t\t<section class=\"elementor-section elementor-top-section elementor-element elementor-element-220e8449 elementor-section-boxed elementor-section-height-default elementor-section-height-default\" data-id=\"220e8449\" data-element_type=\"section\" data-e-type=\"section\">\n\t\t\t\t\t\t<div class=\"elementor-container elementor-column-gap-default\">\n\t\t\t\t\t<div class=\"elementor-column elementor-col-100 elementor-top-column elementor-element elementor-element-2fab2c28\" data-id=\"2fab2c28\" data-element_type=\"column\" data-e-type=\"column\">\n\t\t\t<div class=\"elementor-widget-wrap elementor-element-populated\">\n\t\t\t\t\t\t<div class=\"elementor-element elementor-element-4c243450 elementor-widget elementor-widget-heading\" data-id=\"4c243450\" data-element_type=\"widget\" data-e-type=\"widget\" data-widget_type=\"heading.default\">\n\t\t\t\t<div class=\"elementor-widget-container\">\n\t\t\t\t\t<h2 class=\"elementor-heading-title elementor-size-default\">Entdecken Sie im Video<\/h2>\t\t\t\t<\/div>\n\t\t\t\t<\/div>\n\t\t\t\t<div class=\"elementor-element elementor-element-24f34beb elementor-widget elementor-widget-html\" data-id=\"24f34beb\" data-element_type=\"widget\" data-e-type=\"widget\" data-widget_type=\"html.default\">\n\t\t\t\t<div class=\"elementor-widget-container\">\n\t\t\t\t\t<iframe style=\"border: none; overflow: hidden;\" src=\"https:\/\/www.facebook.com\/plugins\/video.php?height=314&href=https%3A%2F%2Fwww.facebook.com%2FBFMAlsace%2Fvideos%2F783200629886941%2F&show_text=true&width=560&t=0\" width=\"560\" height=\"629\" frameborder=\"0\" scrolling=\"no\" allowfullscreen=\"allowfullscreen\"><\/iframe>\t\t\t\t<\/div>\n\t\t\t\t<\/div>\n\t\t\t\t\t<\/div>\n\t\t<\/div>\n\t\t\t\t\t<\/div>\n\t\t<\/section>\n\t\t\t\t<\/div>\n\t\t","protected":false},"excerpt":{"rendered":"<p>GOLF CLUB SOUFFLENHEIM Der Footgolf-Verein von Soufflenheim A.F.G.S.\u00a0wurde zwecks Teilnahme an Footgolf-Wettbewerben gegr\u00fcndet, insbesondere aber auch, um diese Sportart in der Region zu f\u00f6rdern. Der Verein wurde im Januar 2019 von einer Gruppe langj\u00e4hriger Freunde gegr\u00fcndet: Guillaume, Thibault, Thibaud, G\u00e9raldine, Jonathan, J\u00e9r\u00e9my und Romain. Den Impuls hierf\u00fcr erhielten sie von Aline Graiche, die mehrere Monate [&hellip;]<\/p>\n","protected":false},"author":1,"featured_media":0,"parent":0,"menu_order":25,"comment_status":"closed","ping_status":"closed","template":"","meta":{"_acf_changed":false,"footnotes":""},"class_list":["post-7898","page","type-page","status-publish","hentry"],"acf":[],"_links":{"self":[{"href":"https:\/\/golfclub-soufflenheim.com\/de\/wp-json\/wp\/v2\/pages\/7898","targetHints":{"allow":["GET"]}}],"collection":[{"href":"https:\/\/golfclub-soufflenheim.com\/de\/wp-json\/wp\/v2\/pages"}],"about":[{"href":"https:\/\/golfclub-soufflenheim.com\/de\/wp-json\/wp\/v2\/types\/page"}],"author":[{"embeddable":true,"href":"https:\/\/golfclub-soufflenheim.com\/de\/wp-json\/wp\/v2\/users\/1"}],"replies":[{"embeddable":true,"href":"https:\/\/golfclub-soufflenheim.com\/de\/wp-json\/wp\/v2\/comments?post=7898"}],"version-history":[{"count":0,"href":"https:\/\/golfclub-soufflenheim.com\/de\/wp-json\/wp\/v2\/pages\/7898\/revisions"}],"wp:attachment":[{"href":"https:\/\/golfclub-soufflenheim.com\/de\/wp-json\/wp\/v2\/media?parent=7898"}],"curies":[{"name":"wp","href":"https:\/\/api.w.org\/{rel}","templated":true}]}}