{"id":17661,"date":"2025-06-19T16:43:56","date_gmt":"2025-06-19T14:43:56","guid":{"rendered":"https:\/\/golfclub-soufflenheim.com\/initiation-golf-en\/"},"modified":"2025-06-19T16:43:57","modified_gmt":"2025-06-19T14:43:57","slug":"initiation-golf-en","status":"publish","type":"page","link":"https:\/\/golfclub-soufflenheim.com\/en\/initiation-golf-en\/","title":{"rendered":"Initiation golf EN"},"content":{"rendered":"\t\t<div data-elementor-type=\"wp-page\" data-elementor-id=\"17661\" class=\"elementor elementor-17661 elementor-17072\" data-elementor-settings=\"{&quot;element_pack_global_tooltip_width&quot;:{&quot;unit&quot;:&quot;px&quot;,&quot;size&quot;:&quot;&quot;,&quot;sizes&quot;:[]},&quot;element_pack_global_tooltip_width_tablet&quot;:{&quot;unit&quot;:&quot;px&quot;,&quot;size&quot;:&quot;&quot;,&quot;sizes&quot;:[]},&quot;element_pack_global_tooltip_width_mobile&quot;:{&quot;unit&quot;:&quot;px&quot;,&quot;size&quot;:&quot;&quot;,&quot;sizes&quot;:[]},&quot;element_pack_global_tooltip_padding&quot;:{&quot;unit&quot;:&quot;px&quot;,&quot;top&quot;:&quot;&quot;,&quot;right&quot;:&quot;&quot;,&quot;bottom&quot;:&quot;&quot;,&quot;left&quot;:&quot;&quot;,&quot;isLinked&quot;:true},&quot;element_pack_global_tooltip_padding_tablet&quot;:{&quot;unit&quot;:&quot;px&quot;,&quot;top&quot;:&quot;&quot;,&quot;right&quot;:&quot;&quot;,&quot;bottom&quot;:&quot;&quot;,&quot;left&quot;:&quot;&quot;,&quot;isLinked&quot;:true},&quot;element_pack_global_tooltip_padding_mobile&quot;:{&quot;unit&quot;:&quot;px&quot;,&quot;top&quot;:&quot;&quot;,&quot;right&quot;:&quot;&quot;,&quot;bottom&quot;:&quot;&quot;,&quot;left&quot;:&quot;&quot;,&quot;isLinked&quot;:true},&quot;element_pack_global_tooltip_border_radius&quot;:{&quot;unit&quot;:&quot;px&quot;,&quot;top&quot;:&quot;&quot;,&quot;right&quot;:&quot;&quot;,&quot;bottom&quot;:&quot;&quot;,&quot;left&quot;:&quot;&quot;,&quot;isLinked&quot;:true},&quot;element_pack_global_tooltip_border_radius_tablet&quot;:{&quot;unit&quot;:&quot;px&quot;,&quot;top&quot;:&quot;&quot;,&quot;right&quot;:&quot;&quot;,&quot;bottom&quot;:&quot;&quot;,&quot;left&quot;:&quot;&quot;,&quot;isLinked&quot;:true},&quot;element_pack_global_tooltip_border_radius_mobile&quot;:{&quot;unit&quot;:&quot;px&quot;,&quot;top&quot;:&quot;&quot;,&quot;right&quot;:&quot;&quot;,&quot;bottom&quot;:&quot;&quot;,&quot;left&quot;:&quot;&quot;,&quot;isLinked&quot;:true}}\" data-elementor-post-type=\"page\">\n\t\t\t\t<div class=\"elementor-element elementor-element-525480b e-flex e-con-boxed e-con e-parent\" data-id=\"525480b\" data-element_type=\"container\" data-e-type=\"container\" data-settings=\"{&quot;background_background&quot;:&quot;classic&quot;}\">\n\t\t\t\t\t<div class=\"e-con-inner\">\n\t\t<div class=\"elementor-element elementor-element-69bbc15 e-con-full e-flex e-con e-child\" data-id=\"69bbc15\" data-element_type=\"container\" data-e-type=\"container\" data-settings=\"{&quot;background_background&quot;:&quot;classic&quot;}\">\n\t\t\t\t<div class=\"elementor-element elementor-element-60c2fcb elementor-invisible elementor-widget elementor-widget-heading\" data-id=\"60c2fcb\" data-element_type=\"widget\" data-e-type=\"widget\" data-settings=\"{&quot;_animation&quot;:&quot;fadeInDown&quot;}\" data-widget_type=\"heading.default\">\n\t\t\t\t<div class=\"elementor-widget-container\">\n\t\t\t\t\t<p class=\"elementor-heading-title elementor-size-default\">GOLF CLUB SOUFFLENHEIM<\/p>\t\t\t\t<\/div>\n\t\t\t\t<\/div>\n\t\t\t\t<div class=\"elementor-element elementor-element-8873551 elementor-widget elementor-widget-heading\" data-id=\"8873551\" data-element_type=\"widget\" data-e-type=\"widget\" data-widget_type=\"heading.default\">\n\t\t\t\t<div class=\"elementor-widget-container\">\n\t\t\t\t\t<h1 class=\"elementor-heading-title elementor-size-default\">Free golf initiation<\/h1>\t\t\t\t<\/div>\n\t\t\t\t<\/div>\n\t\t\t\t<\/div>\n\t\t\t\t\t<\/div>\n\t\t\t\t<\/div>\n\t\t<div class=\"elementor-element elementor-element-9c05c1f e-flex e-con-boxed e-con e-parent\" data-id=\"9c05c1f\" data-element_type=\"container\" data-e-type=\"container\">\n\t\t\t\t\t<div class=\"e-con-inner\">\n\t\t\t\t<div class=\"elementor-element elementor-element-fdd4f22 elementor-widget elementor-widget-heading\" data-id=\"fdd4f22\" data-element_type=\"widget\" data-e-type=\"widget\" data-widget_type=\"heading.default\">\n\t\t\t\t<div class=\"elementor-widget-container\">\n\t\t\t\t\t<h2 class=\"elementor-heading-title elementor-size-default\">Enjoy our free golf initiations every Sunday from 11 a.m. to 12 p.m.!<\/h2>\t\t\t\t<\/div>\n\t\t\t\t<\/div>\n\t\t\t\t<div class=\"elementor-element elementor-element-f66e226 elementor-widget-divider--view-line elementor-widget elementor-widget-divider\" data-id=\"f66e226\" data-element_type=\"widget\" data-e-type=\"widget\" data-widget_type=\"divider.default\">\n\t\t\t\t<div class=\"elementor-widget-container\">\n\t\t\t\t\t\t\t<div class=\"elementor-divider\">\n\t\t\t<span class=\"elementor-divider-separator\">\n\t\t\t\t\t\t<\/span>\n\t\t<\/div>\n\t\t\t\t\t\t<\/div>\n\t\t\t\t<\/div>\n\t\t<div class=\"elementor-element elementor-element-006223d e-con-full e-flex e-con e-child\" data-id=\"006223d\" data-element_type=\"container\" data-e-type=\"container\">\n\t\t<div class=\"elementor-element elementor-element-1fc2b3e e-con-full e-flex e-con e-child\" data-id=\"1fc2b3e\" data-element_type=\"container\" data-e-type=\"container\">\n\t\t\t\t<div class=\"elementor-element elementor-element-35eb0bc elementor-widget elementor-widget-text-editor\" data-id=\"35eb0bc\" data-element_type=\"widget\" data-e-type=\"widget\" data-widget_type=\"text-editor.default\">\n\t\t\t\t<div class=\"elementor-widget-container\">\n\t\t\t\t\t\t\t\t\t<p data-start=\"156\" data-end=\"247\">Come and discover golf during a one-hour group lesson, supervised and open to everyone!<\/p>\n<p><\/p>\n<p data-start=\"249\" data-end=\"499\">\u26f3 Group limited to 10 participants per time slot \u2013 equipment and buckets of balls provided.<br data-start=\"344\" data-end=\"347\" \/>\ud83d\uddd3 Book your spot quickly using the short form below (1 registration = 1 form).<br data-start=\"430\" data-end=\"433\" \/>\ud83d\udccc One-time participation per person, subject to availability!<\/p>\n\t\t\t\t\t\t\t\t<\/div>\n\t\t\t\t<\/div>\n\t\t\t\t<div class=\"elementor-element elementor-element-4bb7f88 gallery-spacing-custom elementor-hidden-mobile elementor-widget elementor-widget-image-gallery\" data-id=\"4bb7f88\" data-element_type=\"widget\" data-e-type=\"widget\" data-widget_type=\"image-gallery.default\">\n\t\t\t\t<div class=\"elementor-widget-container\">\n\t\t\t\t\t\t\t<div class=\"elementor-image-gallery\">\n\t\t\t<div id='gallery-1' class='gallery galleryid-17661 gallery-columns-3 gallery-size-medium_large'><figure class='gallery-item'>\n\t\t\t<div class='gallery-icon portrait'>\n\t\t\t\t<a data-elementor-open-lightbox=\"yes\" data-elementor-lightbox-slideshow=\"4bb7f88\" data-elementor-lightbox-title=\"1-800px\" data-e-action-hash=\"#elementor-action%3Aaction%3Dlightbox%26settings%3DeyJpZCI6MTcxMDIsInVybCI6Imh0dHBzOlwvXC9nb2xmY2x1Yi1zb3VmZmxlbmhlaW0uY29tXC93cC1jb250ZW50XC91cGxvYWRzXC8yMDI1XC8wNVwvMS04MDBweC5qcGciLCJzbGlkZXNob3ciOiI0YmI3Zjg4In0%3D\" href='https:\/\/golfclub-soufflenheim.com\/wp-content\/uploads\/2025\/05\/1-800px.jpg'><img fetchpriority=\"high\" decoding=\"async\" width=\"450\" height=\"800\" src=\"https:\/\/golfclub-soufflenheim.com\/wp-content\/uploads\/2025\/05\/1-800px.jpg\" class=\"attachment-medium_large size-medium_large\" alt=\"\" srcset=\"https:\/\/golfclub-soufflenheim.com\/wp-content\/uploads\/2025\/05\/1-800px.jpg 450w, https:\/\/golfclub-soufflenheim.com\/wp-content\/uploads\/2025\/05\/1-800px-169x300.jpg 169w\" sizes=\"(max-width: 450px) 100vw, 450px\" \/><\/a>\n\t\t\t<\/div><\/figure><figure class='gallery-item'>\n\t\t\t<div class='gallery-icon portrait'>\n\t\t\t\t<a data-elementor-open-lightbox=\"yes\" data-elementor-lightbox-slideshow=\"4bb7f88\" data-elementor-lightbox-title=\"2-800px\" data-e-action-hash=\"#elementor-action%3Aaction%3Dlightbox%26settings%3DeyJpZCI6MTcxMDUsInVybCI6Imh0dHBzOlwvXC9nb2xmY2x1Yi1zb3VmZmxlbmhlaW0uY29tXC93cC1jb250ZW50XC91cGxvYWRzXC8yMDI1XC8wNVwvMi04MDBweC5qcGciLCJzbGlkZXNob3ciOiI0YmI3Zjg4In0%3D\" href='https:\/\/golfclub-soufflenheim.com\/wp-content\/uploads\/2025\/05\/2-800px.jpg'><img decoding=\"async\" width=\"450\" height=\"800\" src=\"https:\/\/golfclub-soufflenheim.com\/wp-content\/uploads\/2025\/05\/2-800px.jpg\" class=\"attachment-medium_large size-medium_large\" alt=\"\" srcset=\"https:\/\/golfclub-soufflenheim.com\/wp-content\/uploads\/2025\/05\/2-800px.jpg 450w, https:\/\/golfclub-soufflenheim.com\/wp-content\/uploads\/2025\/05\/2-800px-169x300.jpg 169w\" sizes=\"(max-width: 450px) 100vw, 450px\" \/><\/a>\n\t\t\t<\/div><\/figure><figure class='gallery-item'>\n\t\t\t<div class='gallery-icon portrait'>\n\t\t\t\t<a data-elementor-open-lightbox=\"yes\" data-elementor-lightbox-slideshow=\"4bb7f88\" data-elementor-lightbox-title=\"3-800px\" data-e-action-hash=\"#elementor-action%3Aaction%3Dlightbox%26settings%3DeyJpZCI6MTcxMDgsInVybCI6Imh0dHBzOlwvXC9nb2xmY2x1Yi1zb3VmZmxlbmhlaW0uY29tXC93cC1jb250ZW50XC91cGxvYWRzXC8yMDI1XC8wNVwvMy04MDBweC5qcGciLCJzbGlkZXNob3ciOiI0YmI3Zjg4In0%3D\" href='https:\/\/golfclub-soufflenheim.com\/wp-content\/uploads\/2025\/05\/3-800px.jpg'><img decoding=\"async\" width=\"450\" height=\"800\" src=\"https:\/\/golfclub-soufflenheim.com\/wp-content\/uploads\/2025\/05\/3-800px.jpg\" class=\"attachment-medium_large size-medium_large\" alt=\"\" srcset=\"https:\/\/golfclub-soufflenheim.com\/wp-content\/uploads\/2025\/05\/3-800px.jpg 450w, https:\/\/golfclub-soufflenheim.com\/wp-content\/uploads\/2025\/05\/3-800px-169x300.jpg 169w\" sizes=\"(max-width: 450px) 100vw, 450px\" \/><\/a>\n\t\t\t<\/div><\/figure>\n\t\t<\/div>\n\t\t<\/div>\n\t\t\t\t\t\t<\/div>\n\t\t\t\t<\/div>\n\t\t\t\t<\/div>\n\t\t<div class=\"elementor-element elementor-element-26aea2d e-con-full e-flex e-con e-child\" data-id=\"26aea2d\" data-element_type=\"container\" data-e-type=\"container\">\n\t\t\t\t<div class=\"elementor-element elementor-element-e18a1a1 elementor-widget elementor-widget-shortcode\" data-id=\"e18a1a1\" data-element_type=\"widget\" data-e-type=\"widget\" data-widget_type=\"shortcode.default\">\n\t\t\t\t<div class=\"elementor-widget-container\">\n\t\t\t\t\t\t\t<div class=\"elementor-shortcode\">\r\n<div class=\"simple-booking-form \">\r\n    <h2 class=\"simple-booking-title\">Booking<\/h2>\r\n    \r\n    <div class=\"simple-booking-steps\">\r\n        <!-- \u00c9tape 1: S\u00e9lection de la date -->\r\n        <div class=\"simple-booking-step\" id=\"sb-step-date\">\r\n            <h3>\u00c9tape 1: S\u00e9lectionnez une date<\/h3>\r\n            \r\n            <div class=\"simple-booking-calendar-container\">\r\n                <div class=\"sb-calendar\">\r\n                    <div class=\"sb-calendar-header\">\r\n                        <button type=\"button\" class=\"sb-prev-month\">&lt;<\/button>\r\n                        <span class=\"sb-month-year\">April 2026<\/span>\r\n                        <button type=\"button\" class=\"sb-next-month\">&gt;<\/button>\r\n                    <\/div>\r\n                    \r\n                    <div class=\"sb-calendar-days\">\r\n                        <div class=\"sb-calendar-day-name\">Mon<\/div>\r\n                        <div class=\"sb-calendar-day-name\">Tue<\/div>\r\n                        <div class=\"sb-calendar-day-name\">Wed<\/div>\r\n                        <div class=\"sb-calendar-day-name\">Thu<\/div>\r\n                        <div class=\"sb-calendar-day-name\">Fri<\/div>\r\n                        <div class=\"sb-calendar-day-name\">Sat<\/div>\r\n                        <div class=\"sb-calendar-day-name\">Sun<\/div>\r\n                    <\/div>\r\n                    \r\n                    <div class=\"sb-calendar-grid\">\r\n                        <!-- Le contenu du calendrier sera charg\u00e9 dynamiquement par JavaScript -->\r\n                        <div class=\"sb-loading-message\">Chargement du calendrier...<\/div>\r\n                    <\/div>\r\n                <\/div>\r\n            <\/div>\r\n            \r\n            <div class=\"simple-booking-buttons\">\r\n                <button type=\"button\" class=\"sb-next-step\" data-step=\"time\" disabled>\r\n                    Continuer                <\/button>\r\n            <\/div>\r\n        <\/div>\r\n        \r\n        <!-- \u00c9tape 2: S\u00e9lection du cr\u00e9neau horaire -->\r\n        <div class=\"simple-booking-step\" id=\"sb-step-time\" style=\"display: none;\">\r\n            <h3>\u00c9tape 2: S\u00e9lectionnez un cr\u00e9neau horaire<\/h3>\r\n            \r\n            <div class=\"simple-booking-time-slots\">\r\n                <p class=\"sb-selected-date\">\r\n                    Date s\u00e9lectionn\u00e9e: \r\n                    <span><\/span>\r\n                <\/p>\r\n                \r\n                <div class=\"sb-time-slots-list\">\r\n                    <!-- Liste des cr\u00e9neaux charg\u00e9e dynamiquement -->\r\n                <\/div>\r\n            <\/div>\r\n            \r\n            <div class=\"simple-booking-buttons\">\r\n                <button type=\"button\" class=\"sb-prev-step\" data-step=\"date\">\r\n                    Retour                <\/button>\r\n                <button type=\"button\" class=\"sb-next-step\" data-step=\"info\" disabled>\r\n                    Continuer                <\/button>\r\n            <\/div>\r\n        <\/div>\r\n        \r\n        <!-- \u00c9tape 3: Informations personnelles -->\r\n        <div class=\"simple-booking-step\" id=\"sb-step-info\" style=\"display: none;\">\r\n            <h3>\u00c9tape 3: Vos informations<\/h3>\r\n            \r\n            <form id=\"simple-booking-form\">\r\n                <div class=\"sb-form-row sb-form-row-half\">\r\n                    <label for=\"sb-first-name\">\r\n                        Pr\u00e9nom <span class=\"required\">*<\/span>\r\n                    <\/label>\r\n                    <input type=\"text\" id=\"sb-first-name\" name=\"first_name\" required>\r\n                <\/div>\r\n                \r\n                <div class=\"sb-form-row sb-form-row-half\">\r\n                    <label for=\"sb-last-name\">\r\n                        Name <span class=\"required\">*<\/span>\r\n                    <\/label>\r\n                    <input type=\"text\" id=\"sb-last-name\" name=\"last_name\" required>\r\n                <\/div>\r\n                \r\n                <div class=\"sb-form-row sb-form-row-half\">\r\n                    <label for=\"sb-email\">\r\n                        Adresse e-mail <span class=\"required\">*<\/span>\r\n                    <\/label>\r\n                    <input type=\"email\" id=\"sb-email\" name=\"email\" required>\r\n                <\/div>\r\n                \r\n                <div class=\"sb-form-row sb-form-row-half\">\r\n                    <label for=\"sb-phone\">\r\n                        Num\u00e9ro de t\u00e9l\u00e9phone <span class=\"required\">*<\/span>\r\n                    <\/label>\r\n                    <input type=\"tel\" id=\"sb-phone\" name=\"phone\" required>\r\n                <\/div>\r\n                \r\n                <div class=\"sb-form-row sb-form-row-half\">\r\n                    <label for=\"sb-gender\">\r\n                        Genre                    <\/label>\r\n                    <select id=\"sb-gender\" name=\"gender\">\r\n                        <option value=\"\">S\u00e9lectionner<\/option>\r\n                        <option value=\"F\">Female<\/option><option value=\"M\">Male<\/option>                    <\/select>\r\n                <\/div>\r\n                \r\n                <div class=\"sb-form-row sb-form-row-half\">\r\n                    <label for=\"sb-handedness\">\r\n                        Lat\u00e9ralit\u00e9                    <\/label>\r\n                    <select id=\"sb-handedness\" name=\"handedness\">\r\n                        <option value=\"\">S\u00e9lectionner<\/option>\r\n                        <option value=\"right\">Right-handed<\/option><option value=\"left\">Left-handed<\/option>                    <\/select>\r\n                <\/div>\r\n                \r\n                <div class=\"sb-form-row\">\r\n                    <div class=\"sb-booking-summary\">\r\n                        <h4>R\u00e9capitulatif de votre r\u00e9servation<\/h4>\r\n                        <p>\r\n                            <strong>Date:<\/strong>\r\n                            <span class=\"sb-summary-date\"><\/span>\r\n                        <\/p>\r\n                        <p>\r\n                            <strong>Heure:<\/strong>\r\n                            <span class=\"sb-summary-time\"><\/span>\r\n                        <\/p>\r\n                    <\/div>\r\n                <\/div>\r\n                \r\n                <!-- Champs cach\u00e9s -->\r\n                <input type=\"hidden\" name=\"date\" id=\"sb-selected-date\">\r\n                <input type=\"hidden\" name=\"slot_id\" id=\"sb-selected-slot\">\r\n                <input type=\"hidden\" name=\"action\" value=\"process_booking\">\r\n                <input type=\"hidden\" name=\"nonce\" value=\"6bfb7c3209\">\r\n                \r\n                <div class=\"sb-form-row\">\r\n                    <div class=\"simple-booking-buttons\">\r\n                        <button type=\"button\" class=\"sb-prev-step\" data-step=\"time\">\r\n                            Retour                        <\/button>\r\n                        <button type=\"submit\" class=\"sb-submit-booking\">\r\n                            Confirmer la r\u00e9servation                        <\/button>\r\n                    <\/div>\r\n                <\/div>\r\n            <\/form>\r\n        <\/div>\r\n        \r\n        <!-- \u00c9tape 4: Confirmation -->\r\n        <div class=\"simple-booking-step\" id=\"sb-step-confirmation\" style=\"display: none;\">\r\n            <div class=\"sb-confirmation-message\">\r\n                <!-- Message de confirmation charg\u00e9 dynamiquement -->\r\n            <\/div>\r\n        <\/div>\r\n    <\/div>\r\n<\/div><\/div>\n\t\t\t\t\t\t<\/div>\n\t\t\t\t<\/div>\n\t\t\t\t<\/div>\n\t\t\t\t<\/div>\n\t\t\t\t\t<\/div>\n\t\t\t\t<\/div>\n\t\t\t\t<\/div>\n\t\t","protected":false},"excerpt":{"rendered":"<p>GOLF CLUB SOUFFLENHEIM Free golf initiation Enjoy our free golf initiations every Sunday from 11 a.m. to 12 p.m.! Come and discover golf during a one-hour group lesson, supervised and open to everyone! \u26f3 Group limited to 10 participants per time slot \u2013 equipment and buckets of balls provided.\ud83d\uddd3 Book your spot quickly using the [&hellip;]<\/p>\n","protected":false},"author":1,"featured_media":0,"parent":0,"menu_order":0,"comment_status":"closed","ping_status":"closed","template":"","meta":{"_acf_changed":false,"footnotes":""},"class_list":["post-17661","page","type-page","status-publish","hentry"],"acf":[],"_links":{"self":[{"href":"https:\/\/golfclub-soufflenheim.com\/en\/wp-json\/wp\/v2\/pages\/17661","targetHints":{"allow":["GET"]}}],"collection":[{"href":"https:\/\/golfclub-soufflenheim.com\/en\/wp-json\/wp\/v2\/pages"}],"about":[{"href":"https:\/\/golfclub-soufflenheim.com\/en\/wp-json\/wp\/v2\/types\/page"}],"author":[{"embeddable":true,"href":"https:\/\/golfclub-soufflenheim.com\/en\/wp-json\/wp\/v2\/users\/1"}],"replies":[{"embeddable":true,"href":"https:\/\/golfclub-soufflenheim.com\/en\/wp-json\/wp\/v2\/comments?post=17661"}],"version-history":[{"count":0,"href":"https:\/\/golfclub-soufflenheim.com\/en\/wp-json\/wp\/v2\/pages\/17661\/revisions"}],"wp:attachment":[{"href":"https:\/\/golfclub-soufflenheim.com\/en\/wp-json\/wp\/v2\/media?parent=17661"}],"curies":[{"name":"wp","href":"https:\/\/api.w.org\/{rel}","templated":true}]}}