{"id":7772,"date":"2022-12-05T13:55:31","date_gmt":"2022-12-05T12:55:31","guid":{"rendered":"https:\/\/golf.gclicke.me\/legal-notice\/"},"modified":"2023-02-03T14:39:56","modified_gmt":"2023-02-03T13:39:56","slug":"legal-notice","status":"publish","type":"page","link":"https:\/\/golfclub-soufflenheim.com\/en\/legal-notice\/","title":{"rendered":"Legal Notice"},"content":{"rendered":"\t\t<div data-elementor-type=\"wp-page\" data-elementor-id=\"7772\" class=\"elementor elementor-7772 elementor-23\" data-elementor-settings=\"{&quot;element_pack_global_tooltip_width&quot;:{&quot;unit&quot;:&quot;px&quot;,&quot;size&quot;:&quot;&quot;,&quot;sizes&quot;:[]},&quot;element_pack_global_tooltip_width_tablet&quot;:{&quot;unit&quot;:&quot;px&quot;,&quot;size&quot;:&quot;&quot;,&quot;sizes&quot;:[]},&quot;element_pack_global_tooltip_width_mobile&quot;:{&quot;unit&quot;:&quot;px&quot;,&quot;size&quot;:&quot;&quot;,&quot;sizes&quot;:[]},&quot;element_pack_global_tooltip_padding&quot;:{&quot;unit&quot;:&quot;px&quot;,&quot;top&quot;:&quot;&quot;,&quot;right&quot;:&quot;&quot;,&quot;bottom&quot;:&quot;&quot;,&quot;left&quot;:&quot;&quot;,&quot;isLinked&quot;:true},&quot;element_pack_global_tooltip_padding_tablet&quot;:{&quot;unit&quot;:&quot;px&quot;,&quot;top&quot;:&quot;&quot;,&quot;right&quot;:&quot;&quot;,&quot;bottom&quot;:&quot;&quot;,&quot;left&quot;:&quot;&quot;,&quot;isLinked&quot;:true},&quot;element_pack_global_tooltip_padding_mobile&quot;:{&quot;unit&quot;:&quot;px&quot;,&quot;top&quot;:&quot;&quot;,&quot;right&quot;:&quot;&quot;,&quot;bottom&quot;:&quot;&quot;,&quot;left&quot;:&quot;&quot;,&quot;isLinked&quot;:true},&quot;element_pack_global_tooltip_border_radius&quot;:{&quot;unit&quot;:&quot;px&quot;,&quot;top&quot;:&quot;&quot;,&quot;right&quot;:&quot;&quot;,&quot;bottom&quot;:&quot;&quot;,&quot;left&quot;:&quot;&quot;,&quot;isLinked&quot;:true},&quot;element_pack_global_tooltip_border_radius_tablet&quot;:{&quot;unit&quot;:&quot;px&quot;,&quot;top&quot;:&quot;&quot;,&quot;right&quot;:&quot;&quot;,&quot;bottom&quot;:&quot;&quot;,&quot;left&quot;:&quot;&quot;,&quot;isLinked&quot;:true},&quot;element_pack_global_tooltip_border_radius_mobile&quot;:{&quot;unit&quot;:&quot;px&quot;,&quot;top&quot;:&quot;&quot;,&quot;right&quot;:&quot;&quot;,&quot;bottom&quot;:&quot;&quot;,&quot;left&quot;:&quot;&quot;,&quot;isLinked&quot;:true}}\" data-elementor-post-type=\"page\">\n\t\t\t\t\t\t<section class=\"elementor-section elementor-top-section elementor-element elementor-element-1b7fed4e elementor-section-height-min-height elementor-section-items-stretch elementor-section-boxed elementor-section-height-default\" data-id=\"1b7fed4e\" data-element_type=\"section\" data-e-type=\"section\" data-settings=\"{&quot;background_background&quot;:&quot;classic&quot;}\">\n\t\t\t\t\t\t\t<div class=\"elementor-background-overlay\"><\/div>\n\t\t\t\t\t\t\t<div class=\"elementor-container elementor-column-gap-default\">\n\t\t\t\t\t<div class=\"elementor-column elementor-col-100 elementor-top-column elementor-element elementor-element-4071a7fa\" data-id=\"4071a7fa\" data-element_type=\"column\" data-e-type=\"column\" data-settings=\"{&quot;background_background&quot;:&quot;classic&quot;}\">\n\t\t\t<div class=\"elementor-widget-wrap elementor-element-populated\">\n\t\t\t\t\t<div class=\"elementor-background-overlay\"><\/div>\n\t\t\t\t\t\t<div class=\"elementor-element elementor-element-1184826e elementor-invisible elementor-widget elementor-widget-heading\" data-id=\"1184826e\" data-element_type=\"widget\" data-e-type=\"widget\" data-settings=\"{&quot;_animation&quot;:&quot;fadeInDown&quot;}\" data-widget_type=\"heading.default\">\n\t\t\t\t<div class=\"elementor-widget-container\">\n\t\t\t\t\t<p class=\"elementor-heading-title elementor-size-default\">GOLF CLUB SOUFFLENHEIM<\/p>\t\t\t\t<\/div>\n\t\t\t\t<\/div>\n\t\t\t\t<div class=\"elementor-element elementor-element-41017958 elementor-widget elementor-widget-heading\" data-id=\"41017958\" data-element_type=\"widget\" data-e-type=\"widget\" data-widget_type=\"heading.default\">\n\t\t\t\t<div class=\"elementor-widget-container\">\n\t\t\t\t\t<h1 class=\"elementor-heading-title elementor-size-default\">Legal Notice<\/h1>\t\t\t\t<\/div>\n\t\t\t\t<\/div>\n\t\t\t\t\t<\/div>\n\t\t<\/div>\n\t\t\t\t\t<\/div>\n\t\t<\/section>\n\t\t\t\t<section class=\"elementor-section elementor-top-section elementor-element elementor-element-9c9b92 elementor-section-boxed elementor-section-height-default elementor-section-height-default\" data-id=\"9c9b92\" data-element_type=\"section\" data-e-type=\"section\">\n\t\t\t\t\t\t<div class=\"elementor-container elementor-column-gap-default\">\n\t\t\t\t\t<div class=\"elementor-column elementor-col-100 elementor-top-column elementor-element elementor-element-4c16a6cc\" data-id=\"4c16a6cc\" data-element_type=\"column\" data-e-type=\"column\">\n\t\t\t<div class=\"elementor-widget-wrap elementor-element-populated\">\n\t\t\t\t\t\t<div class=\"elementor-element elementor-element-1350c87d elementor-widget elementor-widget-heading\" data-id=\"1350c87d\" data-element_type=\"widget\" data-e-type=\"widget\" data-widget_type=\"heading.default\">\n\t\t\t\t<div class=\"elementor-widget-container\">\n\t\t\t\t\t<h2 class=\"elementor-heading-title elementor-size-default\">Golf de Soufflenheim<\/h2>\t\t\t\t<\/div>\n\t\t\t\t<\/div>\n\t\t\t\t<section class=\"elementor-section elementor-inner-section elementor-element elementor-element-671d2156 elementor-section-boxed elementor-section-height-default elementor-section-height-default\" data-id=\"671d2156\" data-element_type=\"section\" data-e-type=\"section\">\n\t\t\t\t\t\t<div class=\"elementor-container elementor-column-gap-default\">\n\t\t\t\t\t<div class=\"elementor-column elementor-col-100 elementor-inner-column elementor-element elementor-element-6bc55fdd\" data-id=\"6bc55fdd\" data-element_type=\"column\" data-e-type=\"column\">\n\t\t\t<div class=\"elementor-widget-wrap elementor-element-populated\">\n\t\t\t\t\t\t<div class=\"elementor-element elementor-element-6a02eed6 elementor-widget elementor-widget-text-editor\" data-id=\"6a02eed6\" data-element_type=\"widget\" data-e-type=\"widget\" data-widget_type=\"text-editor.default\">\n\t\t\t\t<div class=\"elementor-widget-container\">\n\t\t\t\t\t\t\t\t\t<p>Le propri\u00e9taire du domaine golfclub-soufflenheim.com,<br \/>responsable au niveau administratif du pr\u00e9sent site Internet est :<\/p>\n<p><em>Golf International Soufflenheim Baden-Baden<br \/><\/em><em>All\u00e9e du Golf<br \/><\/em><em>67620 SOUFFLENHEIM<br \/>FR 93 383 785 086<br \/><\/em><\/p>\n<p><em>+33 (0)3 88 05 77 00<\/em><\/p>\n<p><a href=\"mailto:info@golfclub-soufflenheim.com\"><em>info@golfclub-soufflenheim.com<\/em><\/a><\/p>\n<p><strong>responsable de Publication :<\/strong> M. Schott Fr\u00e9d\u00e9ric<\/p>\n<p><strong>Responsabilit\u00e9<\/strong><\/p>\n<p>L\u2019exploitant du site ne peut \u00eatre tenu pour responsable et ne donne aucune garantie quant \u00e0 l\u2019exactitude, la fiabilit\u00e9 ou l\u2019exhaustivit\u00e9 du contenu du pr\u00e9sent site Internet ou de tout autre site de tiers reli\u00e9 par un lien. Dans le cadre de la l\u00e9gislation en vigueur, l\u2019exploitant du site exclut toute responsabilit\u00e9 expresse ou tacite.<\/p>\n<p>Droits d\u2019auteur et droit d\u2019usage<\/p>\n<p>Le pr\u00e9sent site Internet, son concept d\u2019infrastructure ainsi que les textes contenus, les photos r\u00e9f\u00e9renc\u00e9es ou tous autres m\u00e9dias sont prot\u00e9g\u00e9s par des droits d\u2019auteur et propri\u00e9t\u00e9 de l\u2019exploitant du site. L\u2019exploitant du site interdit le r\u00e9f\u00e9rencement des pr\u00e9sentes pages, m\u00eame s\u2019il s\u2019agit d\u2019extraits, dans des fen\u00eatres sans indication de l\u2019adresse d\u2019origine (fen\u00eatres frame, fen\u00eatres pop-up).<\/p>\n<p>Actualisation : 27.12.2006<\/p>\n\t\t\t\t\t\t\t\t<\/div>\n\t\t\t\t<\/div>\n\t\t\t\t\t<\/div>\n\t\t<\/div>\n\t\t\t\t\t<\/div>\n\t\t<\/section>\n\t\t\t\t\t<\/div>\n\t\t<\/div>\n\t\t\t\t\t<\/div>\n\t\t<\/section>\n\t\t\t\t<\/div>\n\t\t","protected":false},"excerpt":{"rendered":"<p>GOLF CLUB SOUFFLENHEIM Golf de Soufflenheim Le propri\u00e9taire du domaine golfclub-soufflenheim.com,responsable au niveau administratif du pr\u00e9sent site Internet est : Golf International Soufflenheim Baden-BadenAll\u00e9e du Golf67620 SOUFFLENHEIMFR 93 383 785 086 +33 (0)3 88 05 77 00 info@golfclub-soufflenheim.com responsable de Publication : M. Schott Fr\u00e9d\u00e9ric Responsabilit\u00e9 L\u2019exploitant du site ne peut \u00eatre tenu pour responsable [&hellip;]<\/p>\n","protected":false},"author":1,"featured_media":0,"parent":0,"menu_order":50,"comment_status":"closed","ping_status":"closed","template":"","meta":{"_acf_changed":false,"footnotes":""},"class_list":["post-7772","page","type-page","status-publish","hentry"],"acf":[],"_links":{"self":[{"href":"https:\/\/golfclub-soufflenheim.com\/en\/wp-json\/wp\/v2\/pages\/7772","targetHints":{"allow":["GET"]}}],"collection":[{"href":"https:\/\/golfclub-soufflenheim.com\/en\/wp-json\/wp\/v2\/pages"}],"about":[{"href":"https:\/\/golfclub-soufflenheim.com\/en\/wp-json\/wp\/v2\/types\/page"}],"author":[{"embeddable":true,"href":"https:\/\/golfclub-soufflenheim.com\/en\/wp-json\/wp\/v2\/users\/1"}],"replies":[{"embeddable":true,"href":"https:\/\/golfclub-soufflenheim.com\/en\/wp-json\/wp\/v2\/comments?post=7772"}],"version-history":[{"count":0,"href":"https:\/\/golfclub-soufflenheim.com\/en\/wp-json\/wp\/v2\/pages\/7772\/revisions"}],"wp:attachment":[{"href":"https:\/\/golfclub-soufflenheim.com\/en\/wp-json\/wp\/v2\/media?parent=7772"}],"curies":[{"name":"wp","href":"https:\/\/api.w.org\/{rel}","templated":true}]}}