{"id":7850,"date":"2022-12-05T16:15:13","date_gmt":"2022-12-05T15:15:13","guid":{"rendered":"https:\/\/golf.gclicke.me\/information-and-calendar\/"},"modified":"2025-07-08T14:17:51","modified_gmt":"2025-07-08T12:17:51","slug":"information-and-calendar","status":"publish","type":"page","link":"https:\/\/golfclub-soufflenheim.com\/en\/information-and-calendar\/","title":{"rendered":"Information and calendar"},"content":{"rendered":"\t\t<div data-elementor-type=\"wp-page\" data-elementor-id=\"7850\" class=\"elementor elementor-7850 elementor-913\" data-elementor-settings=\"{&quot;element_pack_global_tooltip_width&quot;:{&quot;unit&quot;:&quot;px&quot;,&quot;size&quot;:&quot;&quot;,&quot;sizes&quot;:[]},&quot;element_pack_global_tooltip_width_tablet&quot;:{&quot;unit&quot;:&quot;px&quot;,&quot;size&quot;:&quot;&quot;,&quot;sizes&quot;:[]},&quot;element_pack_global_tooltip_width_mobile&quot;:{&quot;unit&quot;:&quot;px&quot;,&quot;size&quot;:&quot;&quot;,&quot;sizes&quot;:[]},&quot;element_pack_global_tooltip_padding&quot;:{&quot;unit&quot;:&quot;px&quot;,&quot;top&quot;:&quot;&quot;,&quot;right&quot;:&quot;&quot;,&quot;bottom&quot;:&quot;&quot;,&quot;left&quot;:&quot;&quot;,&quot;isLinked&quot;:true},&quot;element_pack_global_tooltip_padding_tablet&quot;:{&quot;unit&quot;:&quot;px&quot;,&quot;top&quot;:&quot;&quot;,&quot;right&quot;:&quot;&quot;,&quot;bottom&quot;:&quot;&quot;,&quot;left&quot;:&quot;&quot;,&quot;isLinked&quot;:true},&quot;element_pack_global_tooltip_padding_mobile&quot;:{&quot;unit&quot;:&quot;px&quot;,&quot;top&quot;:&quot;&quot;,&quot;right&quot;:&quot;&quot;,&quot;bottom&quot;:&quot;&quot;,&quot;left&quot;:&quot;&quot;,&quot;isLinked&quot;:true},&quot;element_pack_global_tooltip_border_radius&quot;:{&quot;unit&quot;:&quot;px&quot;,&quot;top&quot;:&quot;&quot;,&quot;right&quot;:&quot;&quot;,&quot;bottom&quot;:&quot;&quot;,&quot;left&quot;:&quot;&quot;,&quot;isLinked&quot;:true},&quot;element_pack_global_tooltip_border_radius_tablet&quot;:{&quot;unit&quot;:&quot;px&quot;,&quot;top&quot;:&quot;&quot;,&quot;right&quot;:&quot;&quot;,&quot;bottom&quot;:&quot;&quot;,&quot;left&quot;:&quot;&quot;,&quot;isLinked&quot;:true},&quot;element_pack_global_tooltip_border_radius_mobile&quot;:{&quot;unit&quot;:&quot;px&quot;,&quot;top&quot;:&quot;&quot;,&quot;right&quot;:&quot;&quot;,&quot;bottom&quot;:&quot;&quot;,&quot;left&quot;:&quot;&quot;,&quot;isLinked&quot;:true}}\" data-elementor-post-type=\"page\">\n\t\t\t\t\t\t<section class=\"elementor-section elementor-top-section elementor-element elementor-element-1ca9a85e elementor-section-height-min-height elementor-section-items-stretch elementor-section-boxed elementor-section-height-default\" data-id=\"1ca9a85e\" data-element_type=\"section\" data-e-type=\"section\" data-settings=\"{&quot;background_background&quot;:&quot;classic&quot;}\">\n\t\t\t\t\t\t\t<div class=\"elementor-background-overlay\"><\/div>\n\t\t\t\t\t\t\t<div class=\"elementor-container elementor-column-gap-default\">\n\t\t\t\t\t<div class=\"elementor-column elementor-col-100 elementor-top-column elementor-element elementor-element-751ad3b5\" data-id=\"751ad3b5\" data-element_type=\"column\" data-e-type=\"column\" data-settings=\"{&quot;background_background&quot;:&quot;classic&quot;}\">\n\t\t\t<div class=\"elementor-widget-wrap elementor-element-populated\">\n\t\t\t\t\t<div class=\"elementor-background-overlay\"><\/div>\n\t\t\t\t\t\t<div class=\"elementor-element elementor-element-3c5b2e3c elementor-invisible elementor-widget elementor-widget-heading\" data-id=\"3c5b2e3c\" data-element_type=\"widget\" data-e-type=\"widget\" data-settings=\"{&quot;_animation&quot;:&quot;fadeInDown&quot;}\" data-widget_type=\"heading.default\">\n\t\t\t\t<div class=\"elementor-widget-container\">\n\t\t\t\t\t<p class=\"elementor-heading-title elementor-size-default\">GOLF CLUB SOUFFLENHEIM<\/p>\t\t\t\t<\/div>\n\t\t\t\t<\/div>\n\t\t\t\t<div class=\"elementor-element elementor-element-4883a16e elementor-widget elementor-widget-heading\" data-id=\"4883a16e\" data-element_type=\"widget\" data-e-type=\"widget\" data-widget_type=\"heading.default\">\n\t\t\t\t<div class=\"elementor-widget-container\">\n\t\t\t\t\t<h1 class=\"elementor-heading-title elementor-size-default\">Information and calendar<\/h1>\t\t\t\t<\/div>\n\t\t\t\t<\/div>\n\t\t\t\t\t<\/div>\n\t\t<\/div>\n\t\t\t\t\t<\/div>\n\t\t<\/section>\n\t\t\t\t<section class=\"elementor-section elementor-top-section elementor-element elementor-element-42b63dc5 elementor-section-boxed elementor-section-height-default elementor-section-height-default\" data-id=\"42b63dc5\" data-element_type=\"section\" data-e-type=\"section\">\n\t\t\t\t\t\t<div class=\"elementor-container elementor-column-gap-default\">\n\t\t\t\t\t<div class=\"elementor-column elementor-col-100 elementor-top-column elementor-element elementor-element-4a5f6421\" data-id=\"4a5f6421\" data-element_type=\"column\" data-e-type=\"column\">\n\t\t\t<div class=\"elementor-widget-wrap elementor-element-populated\">\n\t\t\t\t\t\t<div class=\"elementor-element elementor-element-3abccff7 elementor-widget elementor-widget-text-editor\" data-id=\"3abccff7\" data-element_type=\"widget\" data-e-type=\"widget\" data-widget_type=\"text-editor.default\">\n\t\t\t\t<div class=\"elementor-widget-container\">\n\t\t\t\t\t\t\t\t\t<p data-start=\"87\" data-end=\"236\">\ud83c\udfaf <strong data-start=\"90\" data-end=\"131\">Do you have a competitive spirit?<\/strong><br data-start=\"131\" data-end=\"134\">Whether you&#8217;re aiming for victory or to improve your index, our competitions are made for you!<\/p><p data-start=\"238\" data-end=\"411\">\u26f3 <strong data-start=\"240\" data-end=\"312\">Golfers, members and non-members, regulars and day-trippers<\/strong>, beginners and enthusiasts alike, all find their ideal format here&#8230; like a perfectly fitting glove!<\/p><p data-start=\"413\" data-end=\"589\">\ud83d\udc66\ud83d\udc67 Since 2021, our 18- and 9-hole courses have been calibrated with &#8220;ORANGE&#8221; and &#8220;VIOLET&#8221; tee times to accommodate <strong data-start=\"566\" data-end=\"588\">FFGolf-approved<\/strong> children&#8217;s and junior competitions.<\/p><p data-start=\"591\" data-end=\"826\">\ud83d\udcc8 <strong data-start=\"594\" data-end=\"647\">Improve your level of play and your index<\/strong> thanks to our events recognized by the French Golf Federation.<br data-start=\"715\" data-end=\"718\">Stableford, stroke-play, match-play, or more original formulas: <strong data-start=\"785\" data-end=\"824\">we vary the pleasures all year round<\/strong>!<\/p><p data-start=\"828\" data-end=\"940\">\ud83d\udcc5 <strong data-start=\"831\" data-end=\"887\">Check out our calendar of tournaments and events<\/strong> at Soufflenheim golf course and join the fun!<\/p>\t\t\t\t\t\t\t\t<\/div>\n\t\t\t\t<\/div>\n\t\t\t\t\t<\/div>\n\t\t<\/div>\n\t\t\t\t\t<\/div>\n\t\t<\/section>\n\t\t\t\t<section class=\"elementor-section elementor-top-section elementor-element elementor-element-74bdbf10 elementor-section-boxed elementor-section-height-default elementor-section-height-default\" data-id=\"74bdbf10\" data-element_type=\"section\" data-e-type=\"section\">\n\t\t\t\t\t\t<div class=\"elementor-container elementor-column-gap-default\">\n\t\t\t\t\t<div class=\"elementor-column elementor-col-100 elementor-top-column elementor-element elementor-element-726ccec\" data-id=\"726ccec\" data-element_type=\"column\" data-e-type=\"column\">\n\t\t\t<div class=\"elementor-widget-wrap elementor-element-populated\">\n\t\t\t\t\t\t<section class=\"elementor-section elementor-inner-section elementor-element elementor-element-5fc7428 elementor-section-boxed elementor-section-height-default elementor-section-height-default\" data-id=\"5fc7428\" data-element_type=\"section\" data-e-type=\"section\">\n\t\t\t\t\t\t<div class=\"elementor-container elementor-column-gap-default\">\n\t\t\t\t\t<div class=\"elementor-column elementor-col-50 elementor-inner-column elementor-element elementor-element-b4dbcdc\" data-id=\"b4dbcdc\" data-element_type=\"column\" data-e-type=\"column\">\n\t\t\t<div class=\"elementor-widget-wrap elementor-element-populated\">\n\t\t\t\t\t\t<div class=\"elementor-element elementor-element-ba9e474 elementor-align-center elementor-widget elementor-widget-button\" data-id=\"ba9e474\" data-element_type=\"widget\" data-e-type=\"widget\" data-widget_type=\"button.default\">\n\t\t\t\t<div class=\"elementor-widget-container\">\n\t\t\t\t\t\t\t\t\t<div class=\"elementor-button-wrapper\">\n\t\t\t\t\t<a class=\"elementor-button elementor-button-link elementor-size-md\" href=\"https:\/\/www.ffgolf.org\/\" target=\"_blank\" rel=\"noopener\">\n\t\t\t\t\t\t<span class=\"elementor-button-content-wrapper\">\n\t\t\t\t\t\t\t\t\t<span class=\"elementor-button-text\">Departure<\/span>\n\t\t\t\t\t<\/span>\n\t\t\t\t\t<\/a>\n\t\t\t\t<\/div>\n\t\t\t\t\t\t\t\t<\/div>\n\t\t\t\t<\/div>\n\t\t\t\t\t<\/div>\n\t\t<\/div>\n\t\t\t\t<div class=\"elementor-column elementor-col-50 elementor-inner-column elementor-element elementor-element-b14d84b\" data-id=\"b14d84b\" data-element_type=\"column\" data-e-type=\"column\">\n\t\t\t<div class=\"elementor-widget-wrap elementor-element-populated\">\n\t\t\t\t\t\t<div class=\"elementor-element elementor-element-35c55df elementor-align-center elementor-widget elementor-widget-button\" data-id=\"35c55df\" data-element_type=\"widget\" data-e-type=\"widget\" data-widget_type=\"button.default\">\n\t\t\t\t<div class=\"elementor-widget-container\">\n\t\t\t\t\t\t\t\t\t<div class=\"elementor-button-wrapper\">\n\t\t\t\t\t<a class=\"elementor-button elementor-button-link elementor-size-md\" href=\"https:\/\/www.ffgolf.org\/\" target=\"_blank\" rel=\"noopener\">\n\t\t\t\t\t\t<span class=\"elementor-button-content-wrapper\">\n\t\t\t\t\t\t\t\t\t<span class=\"elementor-button-text\">Results<\/span>\n\t\t\t\t\t<\/span>\n\t\t\t\t\t<\/a>\n\t\t\t\t<\/div>\n\t\t\t\t\t\t\t\t<\/div>\n\t\t\t\t<\/div>\n\t\t\t\t\t<\/div>\n\t\t<\/div>\n\t\t\t\t\t<\/div>\n\t\t<\/section>\n\t\t\t\t<div class=\"elementor-element elementor-element-c3bc94b elementor-widget elementor-widget-heading\" data-id=\"c3bc94b\" data-element_type=\"widget\" data-e-type=\"widget\" data-widget_type=\"heading.default\">\n\t\t\t\t<div class=\"elementor-widget-container\">\n\t\t\t\t\t<h2 class=\"elementor-heading-title elementor-size-default\">Events calendar<\/h2>\t\t\t\t<\/div>\n\t\t\t\t<\/div>\n\t\t\t\t<div class=\"elementor-element elementor-element-c28f6fe elementor-widget elementor-widget-shortcode\" data-id=\"c28f6fe\" data-element_type=\"widget\" data-e-type=\"widget\" data-widget_type=\"shortcode.default\">\n\t\t\t\t<div class=\"elementor-widget-container\">\n\t\t\t\t\t\t\t<div class=\"elementor-shortcode\"><div class=\"calendrier-cpt-container\" data-post-type=\"competitions\" data-taxonomy=\"type-event\" data-year=\"2026\">\r\n<div class=\"calendrier-cpt-wrapper\">\r\n    <!-- Filtres par cat\u00e9gories avec bouton d\u00e9roulant et options globales -->\r\n\r\n        <div class=\"calendrier-cpt-filters-container\">\r\n        <button type=\"button\" class=\"calendrier-filter-toggle\">\r\n            <i class=\"fas fa-filter\"><\/i> \r\n            <span class=\"toggle-text\">Show filters<\/span>\r\n            <i class=\"fas fa-chevron-down\"><\/i>\r\n        <\/button>\r\n        \r\n        <div class=\"calendrier-filters-content\">\r\n            <!-- Boutons de s\u00e9lection globale -->\r\n            <div class=\"calendrier-filters-actions\">\r\n                <button type=\"button\" class=\"calendrier-select-all-btn\">\r\n                    <i class=\"fas fa-check-square\"><\/i> Select all                <\/button>\r\n                <button type=\"button\" class=\"calendrier-deselect-all-btn\">\r\n                    <i class=\"fas fa-square\"><\/i> Deselect all                <\/button>\r\n            <\/div>\r\n            \r\n            <!-- Filtres par terme (seulement ceux avec \u00e9v\u00e9nements \u00e0 venir) -->\r\n            <div class=\"calendrier-filters-terms\">\r\n                                    <label class=\"calendrier-cpt-filter\">\r\n                        <input type=\"checkbox\" class=\"term-filter\" value=\"1347\" checked>\r\n                        <span class=\"term-color\" style=\"background-color: #9b59b6\"><\/span>\r\n                        After Work Tournament                    <\/label>\r\n                                    <label class=\"calendrier-cpt-filter\">\r\n                        <input type=\"checkbox\" class=\"term-filter\" value=\"1351\" checked>\r\n                        <span class=\"term-color\" style=\"background-color: #3788d8\"><\/span>\r\n                        Beginners Tournament                    <\/label>\r\n                                    <label class=\"calendrier-cpt-filter\">\r\n                        <input type=\"checkbox\" class=\"term-filter\" value=\"1352\" checked>\r\n                        <span class=\"term-color\" style=\"background-color: #3788d8\"><\/span>\r\n                        Beginners Tournament - Round 2                    <\/label>\r\n                                    <label class=\"calendrier-cpt-filter\">\r\n                        <input type=\"checkbox\" class=\"term-filter\" value=\"1258\" checked>\r\n                        <span class=\"term-color\" style=\"background-color: #3788d8\"><\/span>\r\n                        Championship                    <\/label>\r\n                                    <label class=\"calendrier-cpt-filter\">\r\n                        <input type=\"checkbox\" class=\"term-filter\" value=\"1368\" checked>\r\n                        <span class=\"term-color\" style=\"background-color: #e74c3c\"><\/span>\r\n                        Classification Tournament                    <\/label>\r\n                                    <label class=\"calendrier-cpt-filter\">\r\n                        <input type=\"checkbox\" class=\"term-filter\" value=\"1264\" checked>\r\n                        <span class=\"term-color\" style=\"background-color: #f39c12\"><\/span>\r\n                        Club Championship                    <\/label>\r\n                                    <label class=\"calendrier-cpt-filter\">\r\n                        <input type=\"checkbox\" class=\"term-filter\" value=\"1349\" checked>\r\n                        <span class=\"term-color\" style=\"background-color: #2ecc71\"><\/span>\r\n                        Curfew Tournament                    <\/label>\r\n                                    <label class=\"calendrier-cpt-filter\">\r\n                        <input type=\"checkbox\" class=\"term-filter\" value=\"1355\" checked>\r\n                        <span class=\"term-color\" style=\"background-color: #f1c40f\"><\/span>\r\n                        Early Morning Tournament                    <\/label>\r\n                                    <label class=\"calendrier-cpt-filter\">\r\n                        <input type=\"checkbox\" class=\"term-filter\" value=\"1382\" checked>\r\n                        <span class=\"term-color\" style=\"background-color: #d35400\"><\/span>\r\n                        Golf School Tournament                    <\/label>\r\n                                    <label class=\"calendrier-cpt-filter\">\r\n                        <input type=\"checkbox\" class=\"term-filter\" value=\"1295\" checked>\r\n                        <span class=\"term-color\" style=\"background-color: #3788d8\"><\/span>\r\n                        Ladies                    <\/label>\r\n                                    <label class=\"calendrier-cpt-filter\">\r\n                        <input type=\"checkbox\" class=\"term-filter\" value=\"1338\" checked>\r\n                        <span class=\"term-color\" style=\"background-color: #3788d8\"><\/span>\r\n                        Tournament                    <\/label>\r\n                            <\/div>\r\n        <\/div>\r\n    <\/div>\r\n    \r\n    <!-- Vue \u00e9v\u00e9nements en liste (seule vue disponible) -->\r\n    <div class=\"calendrier-events-list-container\">\r\n        <div class=\"calendrier-events-header\">\r\n            <h2>Events<\/h2>\r\n            <div class=\"calendrier-year-selector\">\r\n                <button type=\"button\" class=\"calendrier-year-prev\"><i class=\"fas fa-chevron-left\"><\/i><\/button>\r\n                <span class=\"calendrier-year-current\">2026<\/span>\r\n                <button type=\"button\" class=\"calendrier-year-next\"><i class=\"fas fa-chevron-right\"><\/i><\/button>\r\n            <\/div>\r\n        <\/div>\r\n        <div class=\"calendrier-events-content\">\r\n            <div class=\"calendrier-loading\">Loading events...<\/div>\r\n        <\/div>\r\n    <\/div>\r\n<\/div><\/div><\/div>\n\t\t\t\t\t\t<\/div>\n\t\t\t\t<\/div>\n\t\t\t\t\t<\/div>\n\t\t<\/div>\n\t\t\t\t\t<\/div>\n\t\t<\/section>\n\t\t\t\t<\/div>\n\t\t","protected":false},"excerpt":{"rendered":"<p>GOLF CLUB SOUFFLENHEIM \ud83c\udfaf Do you have a competitive spirit?Whether you&#8217;re aiming for victory or to improve your index, our competitions are made for you! \u26f3 Golfers, members and non-members, regulars and day-trippers, beginners and enthusiasts alike, all find their ideal format here&#8230; like a perfectly fitting glove! \ud83d\udc66\ud83d\udc67 Since 2021, our 18- and 9-hole [&hellip;]<\/p>\n","protected":false},"author":1,"featured_media":0,"parent":0,"menu_order":17,"comment_status":"closed","ping_status":"closed","template":"","meta":{"_acf_changed":false,"footnotes":""},"class_list":["post-7850","page","type-page","status-publish","hentry"],"acf":[],"_links":{"self":[{"href":"https:\/\/golfclub-soufflenheim.com\/en\/wp-json\/wp\/v2\/pages\/7850","targetHints":{"allow":["GET"]}}],"collection":[{"href":"https:\/\/golfclub-soufflenheim.com\/en\/wp-json\/wp\/v2\/pages"}],"about":[{"href":"https:\/\/golfclub-soufflenheim.com\/en\/wp-json\/wp\/v2\/types\/page"}],"author":[{"embeddable":true,"href":"https:\/\/golfclub-soufflenheim.com\/en\/wp-json\/wp\/v2\/users\/1"}],"replies":[{"embeddable":true,"href":"https:\/\/golfclub-soufflenheim.com\/en\/wp-json\/wp\/v2\/comments?post=7850"}],"version-history":[{"count":0,"href":"https:\/\/golfclub-soufflenheim.com\/en\/wp-json\/wp\/v2\/pages\/7850\/revisions"}],"wp:attachment":[{"href":"https:\/\/golfclub-soufflenheim.com\/en\/wp-json\/wp\/v2\/media?parent=7850"}],"curies":[{"name":"wp","href":"https:\/\/api.w.org\/{rel}","templated":true}]}}